{"id":474,"date":"2024-12-04T17:26:14","date_gmt":"2024-12-04T17:26:14","guid":{"rendered":"https:\/\/rotovedras.com\/?page_id=474"},"modified":"2025-02-19T11:05:33","modified_gmt":"2025-02-19T11:05:33","slug":"servicos","status":"publish","type":"page","link":"https:\/\/rotovedras.com\/pt-pt\/servicos\/","title":{"rendered":"Servi\u00e7os"},"content":{"rendered":"\t\t<div data-elementor-type=\"wp-page\" data-elementor-id=\"474\" class=\"elementor elementor-474\" data-elementor-post-type=\"page\">\n\t\t\t\t<div class=\"elementor-element elementor-element-c43dc8e e-con-full e-flex e-con e-parent\" data-id=\"c43dc8e\" data-element_type=\"container\" data-e-type=\"container\">\n\t\t<div class=\"elementor-element elementor-element-c2152de e-con-full e-flex e-con e-child\" data-id=\"c2152de\" data-element_type=\"container\" data-e-type=\"container\">\n\t\t\t\t<div class=\"elementor-element elementor-element-3962197 elementor-widget__width-initial elementor-widget elementor-widget-heading\" data-id=\"3962197\" data-element_type=\"widget\" data-e-type=\"widget\" data-widget_type=\"heading.default\">\n\t\t\t\t\t<h1 class=\"elementor-heading-title elementor-size-default\">SERVI\u00c7OS PARA PROJETOS DE ROTOMOLDAGEM<\/h1>\t\t\t\t<\/div>\n\t\t\t\t<\/div>\n\t\t\t\t<\/div>\n\t\t<div class=\"elementor-element elementor-element-0a3fda1 e-con-full e-flex e-con e-parent\" data-id=\"0a3fda1\" data-element_type=\"container\" data-e-type=\"container\">\n\t\t<div class=\"elementor-element elementor-element-b77b424 e-con-full e-flex e-con e-child\" data-id=\"b77b424\" data-element_type=\"container\" data-e-type=\"container\">\n\t\t\t\t<div class=\"elementor-element elementor-element-1582414 elementor-widget elementor-widget-heading\" data-id=\"1582414\" data-element_type=\"widget\" data-e-type=\"widget\" data-widget_type=\"heading.default\">\n\t\t\t\t\t<span class=\"elementor-heading-title elementor-size-default\"><span style=\"font-size: 24px\">Conhe\u00e7a os servi\u00e7os para projetos de rotomoldagem<\/span><\/span>\t\t\t\t<\/div>\n\t\t\t\t<div class=\"elementor-element elementor-element-79832ea elementor-widget elementor-widget-text-editor\" data-id=\"79832ea\" data-element_type=\"widget\" data-e-type=\"widget\" data-widget_type=\"text-editor.default\">\n\t\t\t\t\t\t\t\t\t<p><span style=\"white-space-collapse: preserve;\">Design industrial, engenharia mec\u00e2nica e inversa, prototipagem, produ\u00e7\u00e3o de moldes e fabrico. Oferecemos um conjunto completo de servi\u00e7os que abrangem todas as etapas do desenvolvimento de produtos, desde o design inicial at\u00e9 \u00e0 produ\u00e7\u00e3o final. Combinamos criatividade, inova\u00e7\u00e3o e tecnologia para garantir solu\u00e7\u00f5es personalizadas e de alta qualidade.<\/span><\/p>\t\t\t\t\t\t\t\t<\/div>\n\t\t\t\t<\/div>\n\t\t<div class=\"elementor-element elementor-element-6673c17 e-con-full e-flex e-con e-child\" data-id=\"6673c17\" data-element_type=\"container\" data-e-type=\"container\">\n\t\t\t\t<div class=\"elementor-element elementor-element-cb38983 elementor-widget elementor-widget-heading\" data-id=\"cb38983\" data-element_type=\"widget\" data-e-type=\"widget\" data-widget_type=\"heading.default\">\n\t\t\t\t\t<span class=\"elementor-heading-title elementor-size-default\"><span style=\"font-size: 24px\">Uma equipa multidisciplinar ao seu servi\u00e7o<\/span><\/span>\t\t\t\t<\/div>\n\t\t\t\t<div class=\"elementor-element elementor-element-4d08a07 elementor-widget elementor-widget-text-editor\" data-id=\"4d08a07\" data-element_type=\"widget\" data-e-type=\"widget\" data-widget_type=\"text-editor.default\">\n\t\t\t\t\t\t\t\t\t<p><span style=\"white-space-collapse: preserve;\">A nossa equipa multidisciplinar est\u00e1 preparada para responder a projetos desafiantes em diversas \u00e1reas, apostando na flexibilidade e na adapta\u00e7\u00e3o \u00e0s necessidades espec\u00edficas de cada cliente. Seja qual for o desafio, trabalhamos lado a lado com os nossos clientes para transformar ideias em realidade, sempre com foco na efici\u00eancia, precis\u00e3o e excel\u00eancia em cada detalhe dos nossos servi\u00e7os.<\/span><\/p>\t\t\t\t\t\t\t\t<\/div>\n\t\t\t\t<\/div>\n\t\t\t\t<\/div>\n\t\t<div class=\"elementor-element elementor-element-069e6dc e-con-full e-flex e-con e-parent\" data-id=\"069e6dc\" data-element_type=\"container\" data-e-type=\"container\" data-settings=\"{&quot;background_background&quot;:&quot;classic&quot;}\">\n\t\t<div class=\"elementor-element elementor-element-ff3826d e-con-full e-flex e-con e-child\" data-id=\"ff3826d\" data-element_type=\"container\" data-e-type=\"container\" data-settings=\"{&quot;background_background&quot;:&quot;classic&quot;,&quot;motion_fx_motion_fx_scrolling&quot;:&quot;yes&quot;,&quot;motion_fx_translateY_effect&quot;:&quot;yes&quot;,&quot;motion_fx_translateY_speed&quot;:{&quot;unit&quot;:&quot;px&quot;,&quot;size&quot;:1,&quot;sizes&quot;:[]},&quot;motion_fx_translateY_affectedRange&quot;:{&quot;unit&quot;:&quot;%&quot;,&quot;size&quot;:&quot;&quot;,&quot;sizes&quot;:{&quot;start&quot;:0,&quot;end&quot;:100}},&quot;motion_fx_devices&quot;:[&quot;desktop&quot;,&quot;tablet&quot;,&quot;mobile&quot;]}\">\n\t\t\t\t<div class=\"elementor-element elementor-element-21e1e3b elementor-widget elementor-widget-heading\" data-id=\"21e1e3b\" data-element_type=\"widget\" data-e-type=\"widget\" data-widget_type=\"heading.default\">\n\t\t\t\t\t<h2 class=\"elementor-heading-title elementor-size-default\">ENGENHARIA<br \/> INVERSA<\/h2>\t\t\t\t<\/div>\n\t\t\t\t<div class=\"elementor-element elementor-element-5ca5cb0 elementor-widget elementor-widget-text-editor\" data-id=\"5ca5cb0\" data-element_type=\"widget\" data-e-type=\"widget\" data-widget_type=\"text-editor.default\">\n\t\t\t\t\t\t\t\t\t<p>Atrav\u00e9s dos servi\u00e7os de Engenharia Inversa, oferecemos uma abordagem avan\u00e7ada para a recupera\u00e7\u00e3o e reconstru\u00e7\u00e3o de pe\u00e7as. Com recurso \u00e0 tecnologia de digitaliza\u00e7\u00e3o 3D, podemos medir e recriar objetos f\u00edsicos, como modelos virtuais tridimensionais, para uso em\u00a0 CAD 3D, CAM ou CAE. Esta t\u00e9cnica permite analisar, modificar ou produzir r\u00e9plicas de pe\u00e7as antigas e reengenharia de componentes. A Engenharia Inversa \u00e9, por isso, um servi\u00e7o fundamental para a moderniza\u00e7\u00e3o de muitas empresas ou neg\u00f3cios, sendo aplicado com precis\u00e3o em projetos de qualquer complexidade.<\/p>\t\t\t\t\t\t\t\t<\/div>\n\t\t\t\t<\/div>\n\t\t\t\t<\/div>\n\t\t<div class=\"elementor-element elementor-element-e9fd58c e-con-full e-flex e-con e-parent\" data-id=\"e9fd58c\" data-element_type=\"container\" data-e-type=\"container\" data-settings=\"{&quot;background_background&quot;:&quot;classic&quot;}\">\n\t\t<div class=\"elementor-element elementor-element-3337832 e-con-full e-flex e-con e-child\" data-id=\"3337832\" data-element_type=\"container\" data-e-type=\"container\" data-settings=\"{&quot;background_background&quot;:&quot;classic&quot;,&quot;motion_fx_motion_fx_scrolling&quot;:&quot;yes&quot;,&quot;motion_fx_translateY_effect&quot;:&quot;yes&quot;,&quot;motion_fx_translateY_speed&quot;:{&quot;unit&quot;:&quot;px&quot;,&quot;size&quot;:1,&quot;sizes&quot;:[]},&quot;motion_fx_translateY_affectedRange&quot;:{&quot;unit&quot;:&quot;%&quot;,&quot;size&quot;:&quot;&quot;,&quot;sizes&quot;:{&quot;start&quot;:0,&quot;end&quot;:100}},&quot;motion_fx_devices&quot;:[&quot;desktop&quot;,&quot;tablet&quot;,&quot;mobile&quot;]}\">\n\t\t\t\t<div class=\"elementor-element elementor-element-e7783a7 elementor-widget elementor-widget-heading\" data-id=\"e7783a7\" data-element_type=\"widget\" data-e-type=\"widget\" data-widget_type=\"heading.default\">\n\t\t\t\t\t<h2 class=\"elementor-heading-title elementor-size-default\">DESIGN<br \/> INDUSTRIAL<\/h2>\t\t\t\t<\/div>\n\t\t\t\t<div class=\"elementor-element elementor-element-18f5db9 elementor-widget elementor-widget-text-editor\" data-id=\"18f5db9\" data-element_type=\"widget\" data-e-type=\"widget\" data-widget_type=\"text-editor.default\">\n\t\t\t\t\t\t\t\t\t<p>Atrav\u00e9s de uma an\u00e1lise detalhada de <a href=\"https:\/\/mododesign.pt\/\" target=\"_blank\" rel=\"noopener\">mercado<\/a>, observamos as \u00faltimas tend\u00eancias e identificamos novas oportunidades para o desenvolvimento de conceitos inovadores de produto. Trabalhamos em v\u00e1rias \u00e1reas de atua\u00e7\u00e3o, sempre com o objetivo de criar designs que conjuguem est\u00e9tica e funcionalidade, sem descurar as exig\u00eancias atuais do mercado e de olhos postos no futuro. Qualquer que seja o produto, o nosso foco est\u00e1 em oferecer solu\u00e7\u00f5es de design que fa\u00e7am a diferen\u00e7a para os nossos clientes e parceiros.<\/p>\t\t\t\t\t\t\t\t<\/div>\n\t\t\t\t<\/div>\n\t\t\t\t<\/div>\n\t\t<div class=\"elementor-element elementor-element-111ad59 e-con-full e-flex e-con e-parent\" data-id=\"111ad59\" data-element_type=\"container\" data-e-type=\"container\" data-settings=\"{&quot;background_background&quot;:&quot;classic&quot;}\">\n\t\t<div class=\"elementor-element elementor-element-409cae7 e-con-full e-flex e-con e-child\" data-id=\"409cae7\" data-element_type=\"container\" data-e-type=\"container\" data-settings=\"{&quot;background_background&quot;:&quot;classic&quot;,&quot;motion_fx_motion_fx_scrolling&quot;:&quot;yes&quot;,&quot;motion_fx_translateY_effect&quot;:&quot;yes&quot;,&quot;motion_fx_translateY_speed&quot;:{&quot;unit&quot;:&quot;px&quot;,&quot;size&quot;:1,&quot;sizes&quot;:[]},&quot;motion_fx_translateY_affectedRange&quot;:{&quot;unit&quot;:&quot;%&quot;,&quot;size&quot;:&quot;&quot;,&quot;sizes&quot;:{&quot;start&quot;:0,&quot;end&quot;:100}},&quot;motion_fx_devices&quot;:[&quot;desktop&quot;,&quot;tablet&quot;,&quot;mobile&quot;]}\">\n\t\t\t\t<div class=\"elementor-element elementor-element-03c0a4a elementor-widget elementor-widget-heading\" data-id=\"03c0a4a\" data-element_type=\"widget\" data-e-type=\"widget\" data-widget_type=\"heading.default\">\n\t\t\t\t\t<h2 class=\"elementor-heading-title elementor-size-default\">ENGENHARIA<br \/> MEC\u00c2NICA<\/h2>\t\t\t\t<\/div>\n\t\t\t\t<div class=\"elementor-element elementor-element-2bc890d elementor-widget elementor-widget-text-editor\" data-id=\"2bc890d\" data-element_type=\"widget\" data-e-type=\"widget\" data-widget_type=\"text-editor.default\">\n\t\t\t\t\t\t\t\t\t<p>Depois de validado o design, a nossa equipa de engenharia desenvolve solu\u00e7\u00f5es t\u00e9cnicas e funcionais adaptadas aos processos de fabrico que mais se adequam a cada projeto. Combinamos a criatividade e rigor t\u00e9cnico para garantir que o produto final corresponde \u00e0s expectativas tanto do cliente, como do consumidor final, cumprindo escrupulosamente as normas de qualidade e a viabilidade de produ\u00e7\u00e3o. Na Rotovedras, orientamo-nos para resultados pr\u00e1ticos e eficientes.<\/p>\t\t\t\t\t\t\t\t<\/div>\n\t\t\t\t<\/div>\n\t\t\t\t<\/div>\n\t\t<div class=\"elementor-element elementor-element-1f0741a e-con-full e-flex e-con e-parent\" data-id=\"1f0741a\" data-element_type=\"container\" data-e-type=\"container\" data-settings=\"{&quot;background_background&quot;:&quot;classic&quot;}\">\n\t\t<div class=\"elementor-element elementor-element-6e0ee9e e-con-full e-flex e-con e-child\" data-id=\"6e0ee9e\" data-element_type=\"container\" data-e-type=\"container\" data-settings=\"{&quot;background_background&quot;:&quot;classic&quot;,&quot;motion_fx_motion_fx_scrolling&quot;:&quot;yes&quot;,&quot;motion_fx_translateY_effect&quot;:&quot;yes&quot;,&quot;motion_fx_translateY_speed&quot;:{&quot;unit&quot;:&quot;px&quot;,&quot;size&quot;:1,&quot;sizes&quot;:[]},&quot;motion_fx_translateY_affectedRange&quot;:{&quot;unit&quot;:&quot;%&quot;,&quot;size&quot;:&quot;&quot;,&quot;sizes&quot;:{&quot;start&quot;:0,&quot;end&quot;:100}},&quot;motion_fx_devices&quot;:[&quot;desktop&quot;,&quot;tablet&quot;,&quot;mobile&quot;]}\">\n\t\t\t\t<div class=\"elementor-element elementor-element-c9305b7 elementor-widget elementor-widget-heading\" data-id=\"c9305b7\" data-element_type=\"widget\" data-e-type=\"widget\" data-widget_type=\"heading.default\">\n\t\t\t\t\t<h2 class=\"elementor-heading-title elementor-size-default\">PROTOTIPAGEM<\/h2>\t\t\t\t<\/div>\n\t\t\t\t<div class=\"elementor-element elementor-element-eae6429 elementor-widget elementor-widget-text-editor\" data-id=\"eae6429\" data-element_type=\"widget\" data-e-type=\"widget\" data-widget_type=\"text-editor.default\">\n\t\t\t\t\t\t\t\t\t<p>A prototipagem \u00e9 uma etapa crucial no desenvolvimento de produtos e na Rotovedras damos particular aten\u00e7\u00e3o a este processo. Criamos prot\u00f3tipos funcionais e est\u00e9ticos que permitem testar e afinar conceitos antes de avan\u00e7ar para a \u00faltima etapa: a produ\u00e7\u00e3o. A fase de prototipagem n\u00e3o s\u00f3 ajuda a equipa de desenvolvimento a identificar melhorias necess\u00e1rias, como permite minimizar riscos e, sobretudo, custos adicionais desnecess\u00e1rios.<\/p>\t\t\t\t\t\t\t\t<\/div>\n\t\t\t\t<\/div>\n\t\t\t\t<\/div>\n\t\t<div class=\"elementor-element elementor-element-a53cbeb e-con-full e-flex e-con e-parent\" data-id=\"a53cbeb\" data-element_type=\"container\" data-e-type=\"container\" data-settings=\"{&quot;background_background&quot;:&quot;classic&quot;}\">\n\t\t<div class=\"elementor-element elementor-element-2133132 e-con-full e-flex e-con e-child\" data-id=\"2133132\" data-element_type=\"container\" data-e-type=\"container\" data-settings=\"{&quot;background_background&quot;:&quot;classic&quot;,&quot;motion_fx_motion_fx_scrolling&quot;:&quot;yes&quot;,&quot;motion_fx_translateY_effect&quot;:&quot;yes&quot;,&quot;motion_fx_translateY_speed&quot;:{&quot;unit&quot;:&quot;px&quot;,&quot;size&quot;:1,&quot;sizes&quot;:[]},&quot;motion_fx_translateY_affectedRange&quot;:{&quot;unit&quot;:&quot;%&quot;,&quot;size&quot;:&quot;&quot;,&quot;sizes&quot;:{&quot;start&quot;:0,&quot;end&quot;:100}},&quot;motion_fx_devices&quot;:[&quot;desktop&quot;,&quot;tablet&quot;,&quot;mobile&quot;]}\">\n\t\t\t\t<div class=\"elementor-element elementor-element-8cf42a1 elementor-widget elementor-widget-heading\" data-id=\"8cf42a1\" data-element_type=\"widget\" data-e-type=\"widget\" data-widget_type=\"heading.default\">\n\t\t\t\t\t<h2 class=\"elementor-heading-title elementor-size-default\">PRODU\u00c7\u00c3O<br \/> DE MOLDES<\/h2>\t\t\t\t<\/div>\n\t\t\t\t<div class=\"elementor-element elementor-element-c5876ed elementor-widget elementor-widget-text-editor\" data-id=\"c5876ed\" data-element_type=\"widget\" data-e-type=\"widget\" data-widget_type=\"text-editor.default\">\n\t\t\t\t\t\t\t\t\t<p>Os moldes s\u00e3o essenciais para garantir a qualidade e a repetibilidade na produ\u00e7\u00e3o de pe\u00e7as. Na Rotovedras, concebemos e fabricamos moldes personalizados, utilizando as t\u00e9cnicas mais adequadas ao projeto em quest\u00e3o, seja em maquinado (CNC), em constru\u00e7\u00e3o soldada ou fundi\u00e7\u00e3o. Oferecemos solu\u00e7\u00f5es precisas que garantem a efici\u00eancia e a durabilidade do processo de produ\u00e7\u00e3o.<\/p>\t\t\t\t\t\t\t\t<\/div>\n\t\t\t\t<\/div>\n\t\t\t\t<\/div>\n\t\t<div class=\"elementor-element elementor-element-99ba5fe e-con-full e-flex e-con e-parent\" data-id=\"99ba5fe\" data-element_type=\"container\" data-e-type=\"container\" data-settings=\"{&quot;background_background&quot;:&quot;classic&quot;}\">\n\t\t<div class=\"elementor-element elementor-element-82a1cc3 e-con-full e-flex e-con e-child\" data-id=\"82a1cc3\" data-element_type=\"container\" data-e-type=\"container\" data-settings=\"{&quot;background_background&quot;:&quot;classic&quot;,&quot;motion_fx_motion_fx_scrolling&quot;:&quot;yes&quot;,&quot;motion_fx_translateY_effect&quot;:&quot;yes&quot;,&quot;motion_fx_translateY_speed&quot;:{&quot;unit&quot;:&quot;px&quot;,&quot;size&quot;:1,&quot;sizes&quot;:[]},&quot;motion_fx_translateY_affectedRange&quot;:{&quot;unit&quot;:&quot;%&quot;,&quot;size&quot;:&quot;&quot;,&quot;sizes&quot;:{&quot;start&quot;:0,&quot;end&quot;:100}},&quot;motion_fx_devices&quot;:[&quot;desktop&quot;,&quot;tablet&quot;,&quot;mobile&quot;]}\">\n\t\t\t\t<div class=\"elementor-element elementor-element-01af4e3 elementor-widget elementor-widget-heading\" data-id=\"01af4e3\" data-element_type=\"widget\" data-e-type=\"widget\" data-widget_type=\"heading.default\">\n\t\t\t\t\t<h2 class=\"elementor-heading-title elementor-size-default\">FABRICO<\/h2>\t\t\t\t<\/div>\n\t\t\t\t<div class=\"elementor-element elementor-element-2038ef4 elementor-widget elementor-widget-text-editor\" data-id=\"2038ef4\" data-element_type=\"widget\" data-e-type=\"widget\" data-widget_type=\"text-editor.default\">\n\t\t\t\t\t\t\t\t\t<p>Com uma equipa de profissionais qualificados e equipamentos de ponta, realizamos a produ\u00e7\u00e3o em larga escala, utilizando os processos mais adequados \u00e0s especifica\u00e7\u00f5es de cada projeto. Al\u00e9m disso, oferecemos servi\u00e7os complementares, como acabamento fino e montagem de acess\u00f3rios, assegurando que cada pe\u00e7a sai das nossas instala\u00e7\u00f5es pronta para uso, dentro dos mais rigorosos padr\u00f5es de qualidade.<\/p>\t\t\t\t\t\t\t\t<\/div>\n\t\t\t\t<\/div>\n\t\t\t\t<\/div>\n\t\t<div class=\"elementor-element elementor-element-6206b30d e-flex e-con-boxed e-con e-parent\" data-id=\"6206b30d\" data-element_type=\"container\" data-e-type=\"container\" data-settings=\"{&quot;background_background&quot;:&quot;gradient&quot;}\">\n\t\t\t\t\t<div class=\"e-con-inner\">\n\t\t\t\t<div class=\"elementor-element elementor-element-2867929c elementor-widget elementor-widget-heading\" data-id=\"2867929c\" data-element_type=\"widget\" data-e-type=\"widget\" data-widget_type=\"heading.default\">\n\t\t\t\t\t<span class=\"elementor-heading-title elementor-size-default\">Contacte-nos.<\/br> <span class=\"h-strong\">Vamos desenvolver<br \/> um novo produto.<\/span><\/span>\t\t\t\t<\/div>\n\t\t\t\t<div class=\"elementor-element elementor-element-27872beb elementor-widget elementor-widget-wpforms\" data-id=\"27872beb\" data-element_type=\"widget\" data-e-type=\"widget\" data-widget_type=\"wpforms.default\">\n\t\t\t\t<div class=\"elementor-widget-container\">\n\t\t\t\t\t<div class=\"wpforms-container wpforms-container-full form-layout wpforms-render-modern\" id=\"wpforms-566\"><form id=\"wpforms-form-566\" class=\"wpforms-validate wpforms-form wpforms-ajax-form\" data-formid=\"566\" method=\"post\" enctype=\"multipart\/form-data\" action=\"\/pt-pt\/wp-json\/wp\/v2\/pages\/474\" data-token=\"435f260f47b47e1b541fec031f72244e\" data-token-time=\"1776973009\"><noscript class=\"wpforms-error-noscript\">Please enable JavaScript in your browser to complete this form.<\/noscript><div id=\"wpforms-error-noscript\" style=\"display: none;\">Please enable JavaScript in your browser to complete this form.<\/div><div class=\"wpforms-field-container\"><div id=\"wpforms-566-field_1-container\" class=\"wpforms-field wpforms-field-name wpforms-one-half wpforms-first\" data-field-id=\"1\"><label class=\"wpforms-field-label\" for=\"wpforms-566-field_1\">Nome <span class=\"wpforms-required-label\" aria-hidden=\"true\">*<\/span><\/label><input type=\"text\" id=\"wpforms-566-field_1\" class=\"wpforms-field-large wpforms-field-required\" name=\"wpforms[fields][1]\" aria-errormessage=\"wpforms-566-field_1-error\" required><\/div><div id=\"wpforms-566-field_4-container\" class=\"wpforms-field wpforms-field-name wpforms-one-half\" data-field-id=\"4\"><label class=\"wpforms-field-label\" for=\"wpforms-566-field_4\">Empresa<\/label><input type=\"text\" id=\"wpforms-566-field_4\" class=\"wpforms-field-large\" name=\"wpforms[fields][4]\" aria-errormessage=\"wpforms-566-field_4-error\" ><\/div><div id=\"wpforms-566-field_2-container\" class=\"wpforms-field wpforms-field-email wpforms-one-half wpforms-first\" data-field-id=\"2\"><label class=\"wpforms-field-label\" for=\"wpforms-566-field_2\">E-mail <span class=\"wpforms-required-label\" aria-hidden=\"true\">*<\/span><\/label><input type=\"email\" id=\"wpforms-566-field_2\" class=\"wpforms-field-large wpforms-field-required\" name=\"wpforms[fields][2]\" spellcheck=\"false\" aria-errormessage=\"wpforms-566-field_2-error\" required><\/div><div id=\"wpforms-566-field_8-container\" class=\"wpforms-field wpforms-field-text wpforms-one-half\" data-field-id=\"8\"><label class=\"wpforms-field-label\" for=\"wpforms-566-field_8\">Telefone<\/label><input type=\"text\" id=\"wpforms-566-field_8\" class=\"wpforms-field-large wpforms-masked-input wpforms-limit-characters-enabled\" data-rule-inputmask-incomplete=\"1\" data-inputmask-mask=\"999 999 999\" data-form-id=\"566\" data-field-id=\"8\" data-text-limit=\"11\" name=\"wpforms[fields][8]\" aria-errormessage=\"wpforms-566-field_8-error\" maxlength=\"11\" ><\/div><div id=\"wpforms-566-field_6-container\" class=\"wpforms-field wpforms-field-select wpforms-field-select-style-classic\" data-field-id=\"6\"><label class=\"wpforms-field-label\" for=\"wpforms-566-field_6\">Assunto <span class=\"wpforms-required-label\" aria-hidden=\"true\">*<\/span><\/label><select id=\"wpforms-566-field_6\" class=\"wpforms-field-large wpforms-field-required\" name=\"wpforms[fields][6]\" required=\"required\"><option value=\"Solicitar Or\u00e7amento\"  class=\"choice-1 depth-1\"  >Solicitar Or\u00e7amento<\/option><option value=\"Outros Assuntos\"  class=\"choice-2 depth-1\"  >Outros Assuntos<\/option><\/select><\/div>\t\t<div id=\"wpforms-566-field_5-container\"\n\t\t\tclass=\"wpforms-field wpforms-field-text\"\n\t\t\tdata-field-type=\"text\"\n\t\t\tdata-field-id=\"5\"\n\t\t\t>\n\t\t\t<label class=\"wpforms-field-label\" for=\"wpforms-566-field_5\" >Empresa Assunto Privacidade<\/label>\n\t\t\t<input type=\"text\" id=\"wpforms-566-field_5\" class=\"wpforms-field-medium\" name=\"wpforms[fields][5]\" >\n\t\t<\/div>\n\t\t<div id=\"wpforms-566-field_3-container\" class=\"wpforms-field wpforms-field-textarea\" data-field-id=\"3\"><label class=\"wpforms-field-label\" for=\"wpforms-566-field_3\">Mensagem<\/label><textarea id=\"wpforms-566-field_3\" class=\"wpforms-field-medium\" name=\"wpforms[fields][3]\" aria-errormessage=\"wpforms-566-field_3-error\" ><\/textarea><\/div><div id=\"wpforms-566-field_7-container\" class=\"wpforms-field wpforms-field-gdpr-checkbox\" data-field-id=\"7\"><label class=\"wpforms-field-label\">Pol\u00edtica de Privacidade <span class=\"wpforms-required-label\" aria-hidden=\"true\">*<\/span><\/label><ul id=\"wpforms-566-field_7\" class=\"wpforms-field-required\"><li class=\"choice-1\"><input type=\"checkbox\" id=\"wpforms-566-field_7_1\" name=\"wpforms[fields][7][]\" value=\"Declaro que li e aceito a &lt;a href=&quot;https:\/\/rotovedras.com\/politica-de-privacidade\/&quot; alt=&quot;Pol\u00edtica de Privacidade&quot;&gt;Pol\u00edtica de Privacidade&lt;\/a&gt; Rotovedras - Plastic Technology.\" aria-errormessage=\"wpforms-566-field_7_1-error\" required ><label class=\"wpforms-field-label-inline\" for=\"wpforms-566-field_7_1\">Declaro que li e aceito a <a href=\"https:\/\/rotovedras.com\/politica-de-privacidade\/\">Pol\u00edtica de Privacidade<\/a> Rotovedras - Plastic Technology.<\/label><\/li><\/ul><\/div><script>\n\t\t\t\t( function() {\n\t\t\t\t\tconst style = document.createElement( 'style' );\n\t\t\t\t\tstyle.appendChild( document.createTextNode( '#wpforms-566-field_5-container { position: absolute !important; overflow: hidden !important; display: inline !important; height: 1px !important; width: 1px !important; z-index: -1000 !important; padding: 0 !important; } #wpforms-566-field_5-container input { visibility: hidden; } #wpforms-conversational-form-page #wpforms-566-field_5-container label { counter-increment: none; }' ) );\n\t\t\t\t\tdocument.head.appendChild( style );\n\t\t\t\t\tdocument.currentScript?.remove();\n\t\t\t\t} )();\n\t\t\t<\/script><\/div><!-- .wpforms-field-container --><div class=\"wpforms-recaptcha-container wpforms-is-recaptcha wpforms-is-recaptcha-type-v3\" ><input type=\"hidden\" name=\"wpforms[recaptcha]\" value=\"\"><\/div><div class=\"wpforms-submit-container\" ><input type=\"hidden\" name=\"wpforms[id]\" value=\"566\"><input type=\"hidden\" name=\"page_title\" value=\"\"><input type=\"hidden\" name=\"page_url\" value=\"https:\/\/rotovedras.com\/pt-pt\/wp-json\/wp\/v2\/pages\/474\"><input type=\"hidden\" name=\"url_referer\" value=\"\"><button type=\"submit\" name=\"wpforms[submit]\" id=\"wpforms-submit-566\" class=\"wpforms-submit form-btn-layout\" data-alt-text=\"A enviar...\" data-submit-text=\"Enviar\" aria-live=\"assertive\" value=\"wpforms-submit\">Enviar<\/button><img decoding=\"async\" src=\"https:\/\/rotovedras.com\/wp-content\/plugins\/wpforms-lite\/assets\/images\/submit-spin.svg\" class=\"wpforms-submit-spinner\" style=\"display: none;\" width=\"26\" height=\"26\" alt=\"Loading\"><\/div><\/form><\/div>  <!-- .wpforms-container -->\t\t\t\t<\/div>\n\t\t\t\t<\/div>\n\t\t\t\t\t<\/div>\n\t\t\t\t<\/div>\n\t\t\t\t<\/div>\n\t\t","protected":false},"excerpt":{"rendered":"<p>SERVI\u00c7OS PARA PROJETOS DE ROTOMOLDAGEM Conhe\u00e7a os servi\u00e7os para projetos de rotomoldagem Design industrial, engenharia mec\u00e2nica e inversa, prototipagem, produ\u00e7\u00e3o de moldes e fabrico. Oferecemos um conjunto completo de servi\u00e7os que abrangem todas as etapas do desenvolvimento de produtos, desde o design inicial at\u00e9 \u00e0 produ\u00e7\u00e3o final. Combinamos criatividade, inova\u00e7\u00e3o e tecnologia para garantir solu\u00e7\u00f5es [&hellip;]<\/p>\n","protected":false},"author":1,"featured_media":0,"parent":0,"menu_order":0,"comment_status":"closed","ping_status":"closed","template":"","meta":{"content-type":"","footnotes":""},"class_list":["post-474","page","type-page","status-publish","hentry"],"_links":{"self":[{"href":"https:\/\/rotovedras.com\/pt-pt\/wp-json\/wp\/v2\/pages\/474","targetHints":{"allow":["GET"]}}],"collection":[{"href":"https:\/\/rotovedras.com\/pt-pt\/wp-json\/wp\/v2\/pages"}],"about":[{"href":"https:\/\/rotovedras.com\/pt-pt\/wp-json\/wp\/v2\/types\/page"}],"author":[{"embeddable":true,"href":"https:\/\/rotovedras.com\/pt-pt\/wp-json\/wp\/v2\/users\/1"}],"replies":[{"embeddable":true,"href":"https:\/\/rotovedras.com\/pt-pt\/wp-json\/wp\/v2\/comments?post=474"}],"version-history":[{"count":5,"href":"https:\/\/rotovedras.com\/pt-pt\/wp-json\/wp\/v2\/pages\/474\/revisions"}],"predecessor-version":[{"id":4492,"href":"https:\/\/rotovedras.com\/pt-pt\/wp-json\/wp\/v2\/pages\/474\/revisions\/4492"}],"wp:attachment":[{"href":"https:\/\/rotovedras.com\/pt-pt\/wp-json\/wp\/v2\/media?parent=474"}],"curies":[{"name":"wp","href":"https:\/\/api.w.org\/{rel}","templated":true}]}}