{"id":1289,"date":"2024-12-13T15:10:05","date_gmt":"2024-12-13T15:10:05","guid":{"rendered":"https:\/\/rotovedras.com\/?page_id=1289"},"modified":"2025-02-19T11:08:50","modified_gmt":"2025-02-19T11:08:50","slug":"politica-de-privacidade","status":"publish","type":"page","link":"https:\/\/rotovedras.com\/pt-pt\/politica-de-privacidade\/","title":{"rendered":"Pol\u00edtica de Privacidade"},"content":{"rendered":"\t\t<div data-elementor-type=\"wp-page\" data-elementor-id=\"1289\" class=\"elementor elementor-1289\" data-elementor-post-type=\"page\">\n\t\t\t\t<div class=\"elementor-element elementor-element-cb17797 e-con-full e-flex e-con e-parent\" data-id=\"cb17797\" data-element_type=\"container\" data-e-type=\"container\" data-settings=\"{&quot;background_background&quot;:&quot;classic&quot;}\">\n\t\t<div class=\"elementor-element elementor-element-97dc649 e-con-full e-flex e-con e-child\" data-id=\"97dc649\" data-element_type=\"container\" data-e-type=\"container\">\n\t\t\t\t<div class=\"elementor-element elementor-element-5fd8b7d elementor-widget elementor-widget-heading\" data-id=\"5fd8b7d\" data-element_type=\"widget\" data-e-type=\"widget\" data-widget_type=\"heading.default\">\n\t\t\t\t\t<h1 class=\"elementor-heading-title elementor-size-default\">POL\u00cdTICA DE PRIVACIDADE<\/h1>\t\t\t\t<\/div>\n\t\t\t\t<div class=\"elementor-element elementor-element-e76d573 elementor-widget elementor-widget-text-editor\" data-id=\"e76d573\" data-element_type=\"widget\" data-e-type=\"widget\" data-widget_type=\"text-editor.default\">\n\t\t\t\t\t\t\t\t\t<div><style>\n.paragraph {<br \/>margin-bottom:30px;<br \/>}<br \/><\/style><\/div><p class=\"paragraph\">A Rotovedras \u2013 Tecnologia de Pl\u00e1sticos Moldados, Lda, doravante simplesmente Rotovedras, est\u00e1 comprometida com\u00a0 a prote\u00e7\u00e3o da privacidade do Titular de Dados na utiliza\u00e7\u00e3o dos seus produtos e servi\u00e7os. Empenhamo-nos tamb\u00e9m no desenvolvimento tecnologia que ofere\u00e7a as melhores e mais seguras experi\u00eancias online, cumprindo o <a href=\"https:\/\/www.pgdlisboa.pt\/leis\/lei_mostra_articulado.php?nid=2961&amp;tabela=leis&amp;so_miolo=\" target=\"_blank\" rel=\"noopener\">Regulamento Geral Sobre a Prote\u00e7\u00e3o de Dados<\/a> \u2013 Regulamento (EU) 2016\/679 do Parlamento Europeu e do Conselho de 27 de abril de 2016 \u2013 e demais legisla\u00e7\u00e3o vigente.<\/p><p class=\"paragraph\">Aos Titulares de Dados \u00e9 dada a possibilidade de navegar pela maior parte dos websites da Rotovedras sem que seja necess\u00e1rio fornecer informa\u00e7\u00f5es pessoais. No entanto, por vezes, s\u00e3o necess\u00e1rias informa\u00e7\u00f5es para o fornecimento de servi\u00e7os solicitados pelos Titulares de Dados.<\/p><p class=\"paragraph\">Esta Declara\u00e7\u00e3o de Privacidade e Tratamento de Dados Pessoais ajuda-o a compreender como recolhemos, usamos e protegemos os seus dados pessoais quando visita os nossos websites e quando usa os nossos produtos e servi\u00e7os.<\/p><p class=\"paragraph\">Ao disponibilizar os seus dados pessoais \u00e0 Rotovedras, o Titular de Dados reconhece e consente que os mesmos sejam processados de acordo com esta Declara\u00e7\u00e3o de Privacidade e Tratamento de Dados Pessoais e com as regras e princ\u00edpios constantes dos respetivos termos e condi\u00e7\u00f5es dos servi\u00e7os utilizados. O consentimento do Titular de Dados \u00e9 dado de vontade livre, espec\u00edfica, informada e inequ\u00edvoca de que consente o tratamento dos dados que lhe digam respeito. Nesta medida, e no que se refere ao processamento dos dados pessoais, deve o Titular de Dados ler a presente Declara\u00e7\u00e3o de Privacidade, conjuntamente com os Termos e Condi\u00e7\u00f5es que regulam a oferta dos diversos produtos e servi\u00e7os da Rotovedras.<\/p><p class=\"paragraph\">Se for inten\u00e7\u00e3o da Rotovedras efetuar alguma altera\u00e7\u00e3o a esta Declara\u00e7\u00e3o, colocar\u00e1 as referidas altera\u00e7\u00f5es nesta p\u00e1gina, para que possa consultar o tipo de informa\u00e7\u00e3o que recolhemos e a forma como a utilizamos<\/p>\t\t\t\t\t\t\t\t<\/div>\n\t\t\t\t<div class=\"elementor-element elementor-element-10219e3 elementor-widget elementor-widget-spacer\" data-id=\"10219e3\" data-element_type=\"widget\" data-e-type=\"widget\" data-widget_type=\"spacer.default\">\n\t\t\t\t\t\t\t<div class=\"elementor-spacer\">\n\t\t\t<div class=\"elementor-spacer-inner\"><\/div>\n\t\t<\/div>\n\t\t\t\t\t\t<\/div>\n\t\t\t\t<div class=\"elementor-element elementor-element-ed5b669 elementor-widget elementor-widget-heading\" data-id=\"ed5b669\" data-element_type=\"widget\" data-e-type=\"widget\" data-widget_type=\"heading.default\">\n\t\t\t\t\t<h2 class=\"elementor-heading-title elementor-size-default\">O QUE S\u00c3O DADOS PESSOAIS?<\/h2>\t\t\t\t<\/div>\n\t\t\t\t<div class=\"elementor-element elementor-element-1985e9c elementor-widget elementor-widget-text-editor\" data-id=\"1985e9c\" data-element_type=\"widget\" data-e-type=\"widget\" data-widget_type=\"text-editor.default\">\n\t\t\t\t\t\t\t\t\t<p>Entende-se por Dados Pessoais qualquer informa\u00e7\u00e3o, de qualquer natureza e independentemente do respetivo suporte, incluindo som e imagem, relativa a uma pessoa singular identificada ou identific\u00e1vel (Titular de Dados). \u00c9 considerada identific\u00e1vel a pessoa que possa ser identificada direta ou indiretamente, designadamente por refer\u00eancia a um n\u00famero de identifica\u00e7\u00e3o ou a mais elementos espec\u00edficos da sua identidade f\u00edsica, fisiol\u00f3gica, ps\u00edquica, econ\u00f3mica, cultural ou social.<\/p>\t\t\t\t\t\t\t\t<\/div>\n\t\t\t\t<div class=\"elementor-element elementor-element-74c8bde elementor-widget elementor-widget-text-editor\" data-id=\"74c8bde\" data-element_type=\"widget\" data-e-type=\"widget\" data-widget_type=\"text-editor.default\">\n\t\t\t\t\t\t\t\t\t<p><strong>Qual a finalidade da recolha dos dados pessoais?<\/strong><br \/>Os dados pessoais recolhidos pela Rotovedras junto do Titular de Dados destinam-se \u00e0 presta\u00e7\u00e3o e fatura\u00e7\u00e3o de produtos e servi\u00e7os, \u00e0 gest\u00e3o e avalia\u00e7\u00e3o da rela\u00e7\u00e3o contratual com o Titular de Dados, \u00e0 adapta\u00e7\u00e3o dos produtos e servi\u00e7os \u00e0s necessidades e interesses do Titular de Dados, ao pagamento dos produtos e servi\u00e7os, an\u00e1lise estat\u00edstica, preven\u00e7\u00e3o e combate \u00e0 fraude, a a\u00e7\u00f5es de informa\u00e7\u00e3o, marketing direto digital e offline da Rotovedras, de empresas associadas ou em rela\u00e7\u00e3o de dom\u00ednio ou de grupo com a Rotovedras e de terceiros, bem como \u00e0 inclus\u00e3o do Titular de Dados nas listas de assinantes de newsletters.<\/p><p>Os seus dados pessoais tamb\u00e9m ser\u00e3o tratados para responder \u00e0s suas quest\u00f5es, sugest\u00f5es ou reclama\u00e7\u00f5es.<br \/>Os dados recolhidos e tratados pela Rotovedras\u00ae limitam-se aos estritamente necess\u00e1rios aos referidos fins.<\/p>\t\t\t\t\t\t\t\t<\/div>\n\t\t\t\t<div class=\"elementor-element elementor-element-34b9693 elementor-widget elementor-widget-text-editor\" data-id=\"34b9693\" data-element_type=\"widget\" data-e-type=\"widget\" data-widget_type=\"text-editor.default\">\n\t\t\t\t\t\t\t\t\t<p><strong>Quem \u00e9 respons\u00e1vel pelo tratamento dos dados pessoais?<\/strong><br \/>O respons\u00e1vel pelo tratamento dos dados pessoais \u00e9 a Rotovedras \u2013 Tecnologia de Pl\u00e1sticos Moldados, Lda.<\/p>\t\t\t\t\t\t\t\t<\/div>\n\t\t\t\t<div class=\"elementor-element elementor-element-650c215 elementor-widget elementor-widget-text-editor\" data-id=\"650c215\" data-element_type=\"widget\" data-e-type=\"widget\" data-widget_type=\"text-editor.default\">\n\t\t\t\t\t\t\t\t\t<p><strong>Subcontratantes, Comunica\u00e7\u00e3o e Transfer\u00eancia de dados pessoais<\/strong><br \/>Os dados pessoais poder\u00e3o ser disponibilizados aos tribunais e \u00e0s demais autoridades competentes, no estrito cumprimento do disposto na lei, designadamente quando se revelem necess\u00e1rios para a resolu\u00e7\u00e3o de lit\u00edgios relativos \u00e0 fatura\u00e7\u00e3o e para atividades relativas \u00e0 prote\u00e7\u00e3o da seguran\u00e7a p\u00fablica, da defesa e seguran\u00e7a do Estado e \u00e0 preven\u00e7\u00e3o, investiga\u00e7\u00e3o e dete\u00e7\u00e3o de il\u00edcitos criminais.<\/p><p>A Rotovedras pode tamb\u00e9m recorrer a subcontratantes para a totalidade ou parte das finalidades acima identificadas, bem como para a manuten\u00e7\u00e3o, alojamento e gest\u00e3o dos seus sistemas e equipamentos inform\u00e1ticos. Nos termos permitidos pela legisla\u00e7\u00e3o que regula o tratamento de dados pessoais, ficam estas entidades obrigadas a guardar sigilo e a garantir a seguran\u00e7a relativamente aos dados do Titular de Dados da Rotovedras a que tenham acesso. N\u00e3o devem utilizar esses dados para quaisquer outros fins, ou em benef\u00edcio pr\u00f3prio, nem relacion\u00e1-los com outros dados que possuam.<\/p>\t\t\t\t\t\t\t\t<\/div>\n\t\t\t\t<div class=\"elementor-element elementor-element-d4616cf elementor-widget elementor-widget-text-editor\" data-id=\"d4616cf\" data-element_type=\"widget\" data-e-type=\"widget\" data-widget_type=\"text-editor.default\">\n\t\t\t\t\t\t\t\t\t<p><strong>Per\u00edodo de conserva\u00e7\u00e3o e seguran\u00e7a dos dados pessoais?<\/strong><br \/>Os seus dados pessoais ser\u00e3o conservados pelo per\u00edodo de tempo estritamente necess\u00e1rio \u00e0 prossecu\u00e7\u00e3o dos supra indicados fins de tratamento e\/ou pelo per\u00edodo decorrente do cumprimento de obriga\u00e7\u00f5es legais da Rotovedras.<br \/>A seguran\u00e7a dos seus dados \u00e9 muito importante para a Rotovedras\u00ae, pelo que adotamos as medidas t\u00e9cnicas e organizativas adequadas ao cumprimento das exig\u00eancias de integridade e confidencialidade legalmente estipuladas. N\u00e3o obstante, o fornecimento de dados em rede aberta implica a sua circula\u00e7\u00e3o sem condi\u00e7\u00f5es de seguran\u00e7a, existindo o risco da sua visualiza\u00e7\u00e3o e utiliza\u00e7\u00e3o por terceiros n\u00e3o autorizados.<\/p>\t\t\t\t\t\t\t\t<\/div>\n\t\t\t\t<div class=\"elementor-element elementor-element-5cfdf90 elementor-widget elementor-widget-spacer\" data-id=\"5cfdf90\" data-element_type=\"widget\" data-e-type=\"widget\" data-widget_type=\"spacer.default\">\n\t\t\t\t\t\t\t<div class=\"elementor-spacer\">\n\t\t\t<div class=\"elementor-spacer-inner\"><\/div>\n\t\t<\/div>\n\t\t\t\t\t\t<\/div>\n\t\t\t\t<div class=\"elementor-element elementor-element-0f015a1 elementor-widget elementor-widget-heading\" data-id=\"0f015a1\" data-element_type=\"widget\" data-e-type=\"widget\" data-widget_type=\"heading.default\">\n\t\t\t\t\t<h2 class=\"elementor-heading-title elementor-size-default\">O QUE S\u00c3O COOKIES?<\/h2>\t\t\t\t<\/div>\n\t\t\t\t<div class=\"elementor-element elementor-element-bff7e46 elementor-widget elementor-widget-text-editor\" data-id=\"bff7e46\" data-element_type=\"widget\" data-e-type=\"widget\" data-widget_type=\"text-editor.default\">\n\t\t\t\t\t\t\t\t\t<p>\u201cCookies\u201d s\u00e3o pequenos ficheiros de texto que s\u00e3o armazenados no equipamento (computador, tablet, telem\u00f3vel) atrav\u00e9s do navegador de internet (\u201cbrowser\u201d) e que s\u00e3o utilizados habitualmente para reter informa\u00e7\u00e3o da visita ao website entre diversas sess\u00f5es (ex: prefer\u00eancias, p\u00e1ginas visitadas, etc.).<br \/>Os cookies s\u00e3o utilizados pela maioria dos websites na internet com o objetivo final de melhorar a experi\u00eancia do utilizador.<\/p>\t\t\t\t\t\t\t\t<\/div>\n\t\t\t\t<div class=\"elementor-element elementor-element-fc9064f elementor-widget elementor-widget-text-editor\" data-id=\"fc9064f\" data-element_type=\"widget\" data-e-type=\"widget\" data-widget_type=\"text-editor.default\">\n\t\t\t\t\t\t\t\t\t<p><strong>Que tipo de Cookies s\u00e3o utilizados?<\/strong><br \/><strong>Cookies estritamente necess\u00e1rios:<\/strong> permitem que navegue no site e utilize as aplica\u00e7\u00f5es e servi\u00e7os que a Rotovedras \u2013 Tecnologia de Pl\u00e1sticos Moldados, Lda disponibiliza, como por exemplo aceder a \u00e1reas seguras do site. Sem estes cookies os servi\u00e7os n\u00e3o podem ser prestados.<\/p><p><strong>Anal\u00edticos:<\/strong> permitem obter dados agregados para an\u00e1lise estat\u00edstica e melhoria do site.<\/p><p><strong>Funcionais:<\/strong> permitem uma navega\u00e7\u00e3o f\u00e1cil e individualizada, pois guardam as prefer\u00eancias do utilizador relativamente \u00e0 utiliza\u00e7\u00e3o do site, para que n\u00e3o seja necess\u00e1rio voltar a configurar em cada visita.<\/p><p><strong>Cookies de Terceiros:<\/strong> em algumas p\u00e1ginas dos website da Rotovedras \u2013 Tecnologia de Pl\u00e1sticos Moldados, Lda existem componentes que s\u00e3o disponibilizados por terceiros (ex: v\u00eddeos do Youtube, redes sociais, etc.) que usam cookies independentes dos cookies geridos pela Rotovedras \u2013 Tecnologia de Pl\u00e1sticos Moldados, Lda.<\/p><p><strong>Publicidade:<\/strong> Permitem direcionar a publicidade em fun\u00e7\u00e3o dos interesses de cada utilizador, mediante a recolha de h\u00e1bitos de navega\u00e7\u00e3o na internet. Desta forma, a publicidade disponibilizada corresponder\u00e1 \u00e0s suas necessidades.<\/p><p>Alguns Cookies utilizados nos websites ser\u00e3o eliminados do equipamento automaticamente ao encerrar a sess\u00e3o do navegador (\u201ccookies de sess\u00e3o\u201d). Outros permanecer\u00e3o no seu computador e possibilitam a identifica\u00e7\u00e3o do mesmo na pr\u00f3xima visita ao site (\u201ccookies permanentes\u201d).<\/p>\t\t\t\t\t\t\t\t<\/div>\n\t\t\t\t<div class=\"elementor-element elementor-element-05ab1cd elementor-widget elementor-widget-text-editor\" data-id=\"05ab1cd\" data-element_type=\"widget\" data-e-type=\"widget\" data-widget_type=\"text-editor.default\">\n\t\t\t\t\t\t\t\t\t<p><strong>Como bloquear a utiliza\u00e7\u00e3o dos Cookies?<\/strong><br \/>O seu navegador permite que fa\u00e7a a gest\u00e3o dos cookies nas op\u00e7\u00f5es de configura\u00e7\u00e3o. Pode, inclusivamente, bloquear todos os cookies da Rotovedras \u2013 Tecnologia de Pl\u00e1sticos Moldados, Lda. No entanto, ao bloquear os Cookies, ir\u00e1 afetar a sua experi\u00eancia enquanto utilizador.<\/p>\t\t\t\t\t\t\t\t<\/div>\n\t\t\t\t<div class=\"elementor-element elementor-element-882f16d elementor-widget elementor-widget-text-editor\" data-id=\"882f16d\" data-element_type=\"widget\" data-e-type=\"widget\" data-widget_type=\"text-editor.default\">\n\t\t\t\t\t\t\t\t\t<p><strong>Quais as entidades que podem ter acesso \u00e0 informa\u00e7\u00e3o recolhida pelos Cookies?<\/strong><br \/>A informa\u00e7\u00e3o recolhida pelos cookies pode ser utilizada pela Rotovedras \u2013 Tecnologia de Pl\u00e1sticos Moldados, Lda, seus subcontratantes ou parceiros.<\/p>\t\t\t\t\t\t\t\t<\/div>\n\t\t\t\t<div class=\"elementor-element elementor-element-edb67f5 elementor-widget elementor-widget-spacer\" data-id=\"edb67f5\" data-element_type=\"widget\" data-e-type=\"widget\" data-widget_type=\"spacer.default\">\n\t\t\t\t\t\t\t<div class=\"elementor-spacer\">\n\t\t\t<div class=\"elementor-spacer-inner\"><\/div>\n\t\t<\/div>\n\t\t\t\t\t\t<\/div>\n\t\t\t\t<div class=\"elementor-element elementor-element-4a3d391 elementor-widget elementor-widget-heading\" data-id=\"4a3d391\" data-element_type=\"widget\" data-e-type=\"widget\" data-widget_type=\"heading.default\">\n\t\t\t\t\t<h2 class=\"elementor-heading-title elementor-size-default\">CASOS PARTICULARES<\/h2>\t\t\t\t<\/div>\n\t\t\t\t<div class=\"elementor-element elementor-element-282db02 elementor-widget elementor-widget-text-editor\" data-id=\"282db02\" data-element_type=\"widget\" data-e-type=\"widget\" data-widget_type=\"text-editor.default\">\n\t\t\t\t\t\t\t\t\t<p><strong>Marketing Digital e Offline<\/strong><br \/>Para informar o Titular de Dados sobre novos produtos e servi\u00e7os, a Rotovedras pode utilizar os seguintes m\u00e9todos: Correio, telefone, e-mail, SMS, MMS ou qualquer outro servi\u00e7o de comunica\u00e7\u00f5es electr\u00f3nicas, com o consentimento do Titular de Dados. O fornecimento de qualquer destes dados implica e pressup\u00f5e a presta\u00e7\u00e3o do respetivo consentimento de tratamento.<\/p>\t\t\t\t\t\t\t\t<\/div>\n\t\t\t\t<div class=\"elementor-element elementor-element-05d3404 elementor-widget elementor-widget-spacer\" data-id=\"05d3404\" data-element_type=\"widget\" data-e-type=\"widget\" data-widget_type=\"spacer.default\">\n\t\t\t\t\t\t\t<div class=\"elementor-spacer\">\n\t\t\t<div class=\"elementor-spacer-inner\"><\/div>\n\t\t<\/div>\n\t\t\t\t\t\t<\/div>\n\t\t\t\t<div class=\"elementor-element elementor-element-0b62edd elementor-widget elementor-widget-heading\" data-id=\"0b62edd\" data-element_type=\"widget\" data-e-type=\"widget\" data-widget_type=\"heading.default\">\n\t\t\t\t\t<h2 class=\"elementor-heading-title elementor-size-default\">DIREITOS DO TITULAR DE DADOS<\/h2>\t\t\t\t<\/div>\n\t\t\t\t<div class=\"elementor-element elementor-element-35e10f5 elementor-widget elementor-widget-text-editor\" data-id=\"35e10f5\" data-element_type=\"widget\" data-e-type=\"widget\" data-widget_type=\"text-editor.default\">\n\t\t\t\t\t\t\t\t\t<p><strong>Direito de acesso, corre\u00e7\u00e3o, oposi\u00e7\u00e3o e elimina\u00e7\u00e3o dos dados pessoais<\/strong><br \/>O Titular de Dados poder\u00e1 a qualquer altura alterar ou retirar o seu consentimento, aceder, retificar, limitar ou opor-se ao tratamento dos seus dados, solicitar o apagamento bem como a portabilidade dos dados, tendo ainda o direito a n\u00e3o ficar sujeito a decis\u00f5es automatizadas. O titular dos dados poder\u00e1 exercer tais direitos contactando a Rotovedras atrav\u00e9s dos seguintes canais:<br \/>Rotovedras \u2013 Tecnologia de Pl\u00e1sticos Moldados, Lda<br \/>A\/C Respons\u00e1vel pela Privacidade<br \/>Rua Alberto Hip\u00f3lito, Lote 5 2560-650 Torres Vedras<br \/>ou para o endere\u00e7o de correio eletr\u00f3nico: <a style=\"color: #42bdda;\" href=\"mailto:marketing@iberpolymers.pt\">marketing@iberpolymers.pt<\/a><\/p>\t\t\t\t\t\t\t\t<\/div>\n\t\t\t\t<\/div>\n\t\t\t\t<\/div>\n\t\t<div class=\"elementor-element elementor-element-2889eb7c e-flex e-con-boxed e-con e-parent\" data-id=\"2889eb7c\" data-element_type=\"container\" data-e-type=\"container\" data-settings=\"{&quot;background_background&quot;:&quot;gradient&quot;}\">\n\t\t\t\t\t<div class=\"e-con-inner\">\n\t\t\t\t<div class=\"elementor-element elementor-element-4494b53b elementor-widget elementor-widget-heading\" data-id=\"4494b53b\" data-element_type=\"widget\" data-e-type=\"widget\" data-widget_type=\"heading.default\">\n\t\t\t\t\t<span class=\"elementor-heading-title elementor-size-default\">Contacte-nos.<\/br> <span class=\"h-strong\">Vamos desenvolver<br \/> um novo produto.<\/span><\/span>\t\t\t\t<\/div>\n\t\t\t\t<div class=\"elementor-element elementor-element-782baa05 elementor-widget elementor-widget-wpforms\" data-id=\"782baa05\" data-element_type=\"widget\" data-e-type=\"widget\" data-widget_type=\"wpforms.default\">\n\t\t\t\t<div class=\"elementor-widget-container\">\n\t\t\t\t\t<div class=\"wpforms-container wpforms-container-full form-layout wpforms-render-modern\" id=\"wpforms-566\"><form id=\"wpforms-form-566\" class=\"wpforms-validate wpforms-form wpforms-ajax-form\" data-formid=\"566\" method=\"post\" enctype=\"multipart\/form-data\" action=\"\/pt-pt\/wp-json\/wp\/v2\/pages\/1289\" data-token=\"435f260f47b47e1b541fec031f72244e\" data-token-time=\"1776979395\"><noscript class=\"wpforms-error-noscript\">Please enable JavaScript in your browser to complete this form.<\/noscript><div id=\"wpforms-error-noscript\" style=\"display: none;\">Please enable JavaScript in your browser to complete this form.<\/div><div class=\"wpforms-field-container\"><div id=\"wpforms-566-field_1-container\" class=\"wpforms-field wpforms-field-name wpforms-one-half wpforms-first\" data-field-id=\"1\"><label class=\"wpforms-field-label\" for=\"wpforms-566-field_1\">Nome <span class=\"wpforms-required-label\" aria-hidden=\"true\">*<\/span><\/label><input type=\"text\" id=\"wpforms-566-field_1\" class=\"wpforms-field-large wpforms-field-required\" name=\"wpforms[fields][1]\" aria-errormessage=\"wpforms-566-field_1-error\" required><\/div>\t\t<div id=\"wpforms-566-field_5-container\"\n\t\t\tclass=\"wpforms-field wpforms-field-text\"\n\t\t\tdata-field-type=\"text\"\n\t\t\tdata-field-id=\"5\"\n\t\t\t>\n\t\t\t<label class=\"wpforms-field-label\" for=\"wpforms-566-field_5\" >Telefone Nome Assunto<\/label>\n\t\t\t<input type=\"text\" id=\"wpforms-566-field_5\" class=\"wpforms-field-medium\" name=\"wpforms[fields][5]\" >\n\t\t<\/div>\n\t\t<div id=\"wpforms-566-field_4-container\" class=\"wpforms-field wpforms-field-name wpforms-one-half\" data-field-id=\"4\"><label class=\"wpforms-field-label\" for=\"wpforms-566-field_4\">Empresa<\/label><input type=\"text\" id=\"wpforms-566-field_4\" class=\"wpforms-field-large\" name=\"wpforms[fields][4]\" aria-errormessage=\"wpforms-566-field_4-error\" ><\/div><div id=\"wpforms-566-field_2-container\" class=\"wpforms-field wpforms-field-email wpforms-one-half wpforms-first\" data-field-id=\"2\"><label class=\"wpforms-field-label\" for=\"wpforms-566-field_2\">E-mail <span class=\"wpforms-required-label\" aria-hidden=\"true\">*<\/span><\/label><input type=\"email\" id=\"wpforms-566-field_2\" class=\"wpforms-field-large wpforms-field-required\" name=\"wpforms[fields][2]\" spellcheck=\"false\" aria-errormessage=\"wpforms-566-field_2-error\" required><\/div><div id=\"wpforms-566-field_8-container\" class=\"wpforms-field wpforms-field-text wpforms-one-half\" data-field-id=\"8\"><label class=\"wpforms-field-label\" for=\"wpforms-566-field_8\">Telefone<\/label><input type=\"text\" id=\"wpforms-566-field_8\" class=\"wpforms-field-large wpforms-masked-input wpforms-limit-characters-enabled\" data-rule-inputmask-incomplete=\"1\" data-inputmask-mask=\"999 999 999\" data-form-id=\"566\" data-field-id=\"8\" data-text-limit=\"11\" name=\"wpforms[fields][8]\" aria-errormessage=\"wpforms-566-field_8-error\" maxlength=\"11\" ><\/div><div id=\"wpforms-566-field_6-container\" class=\"wpforms-field wpforms-field-select wpforms-field-select-style-classic\" data-field-id=\"6\"><label class=\"wpforms-field-label\" for=\"wpforms-566-field_6\">Assunto <span class=\"wpforms-required-label\" aria-hidden=\"true\">*<\/span><\/label><select id=\"wpforms-566-field_6\" class=\"wpforms-field-large wpforms-field-required\" name=\"wpforms[fields][6]\" required=\"required\"><option value=\"Solicitar Or\u00e7amento\"  class=\"choice-1 depth-1\"  >Solicitar Or\u00e7amento<\/option><option value=\"Outros Assuntos\"  class=\"choice-2 depth-1\"  >Outros Assuntos<\/option><\/select><\/div><div id=\"wpforms-566-field_3-container\" class=\"wpforms-field wpforms-field-textarea\" data-field-id=\"3\"><label class=\"wpforms-field-label\" for=\"wpforms-566-field_3\">Mensagem<\/label><textarea id=\"wpforms-566-field_3\" class=\"wpforms-field-medium\" name=\"wpforms[fields][3]\" aria-errormessage=\"wpforms-566-field_3-error\" ><\/textarea><\/div><div id=\"wpforms-566-field_7-container\" class=\"wpforms-field wpforms-field-gdpr-checkbox\" data-field-id=\"7\"><label class=\"wpforms-field-label\">Pol\u00edtica de Privacidade <span class=\"wpforms-required-label\" aria-hidden=\"true\">*<\/span><\/label><ul id=\"wpforms-566-field_7\" class=\"wpforms-field-required\"><li class=\"choice-1\"><input type=\"checkbox\" id=\"wpforms-566-field_7_1\" name=\"wpforms[fields][7][]\" value=\"Declaro que li e aceito a &lt;a href=&quot;https:\/\/rotovedras.com\/politica-de-privacidade\/&quot; alt=&quot;Pol\u00edtica de Privacidade&quot;&gt;Pol\u00edtica de Privacidade&lt;\/a&gt; Rotovedras - Plastic Technology.\" aria-errormessage=\"wpforms-566-field_7_1-error\" required ><label class=\"wpforms-field-label-inline\" for=\"wpforms-566-field_7_1\">Declaro que li e aceito a <a href=\"https:\/\/rotovedras.com\/politica-de-privacidade\/\">Pol\u00edtica de Privacidade<\/a> Rotovedras - Plastic Technology.<\/label><\/li><\/ul><\/div><script>\n\t\t\t\t( function() {\n\t\t\t\t\tconst style = document.createElement( 'style' );\n\t\t\t\t\tstyle.appendChild( document.createTextNode( '#wpforms-566-field_5-container { position: absolute !important; overflow: hidden !important; display: inline !important; height: 1px !important; width: 1px !important; z-index: -1000 !important; padding: 0 !important; } #wpforms-566-field_5-container input { visibility: hidden; } #wpforms-conversational-form-page #wpforms-566-field_5-container label { counter-increment: none; }' ) );\n\t\t\t\t\tdocument.head.appendChild( style );\n\t\t\t\t\tdocument.currentScript?.remove();\n\t\t\t\t} )();\n\t\t\t<\/script><\/div><!-- .wpforms-field-container --><div class=\"wpforms-recaptcha-container wpforms-is-recaptcha wpforms-is-recaptcha-type-v3\" ><input type=\"hidden\" name=\"wpforms[recaptcha]\" value=\"\"><\/div><div class=\"wpforms-submit-container\" ><input type=\"hidden\" name=\"wpforms[id]\" value=\"566\"><input type=\"hidden\" name=\"page_title\" value=\"\"><input type=\"hidden\" name=\"page_url\" value=\"https:\/\/rotovedras.com\/pt-pt\/wp-json\/wp\/v2\/pages\/1289\"><input type=\"hidden\" name=\"url_referer\" value=\"\"><button type=\"submit\" name=\"wpforms[submit]\" id=\"wpforms-submit-566\" class=\"wpforms-submit form-btn-layout\" data-alt-text=\"A enviar...\" data-submit-text=\"Enviar\" aria-live=\"assertive\" value=\"wpforms-submit\">Enviar<\/button><img decoding=\"async\" src=\"https:\/\/rotovedras.com\/wp-content\/plugins\/wpforms-lite\/assets\/images\/submit-spin.svg\" class=\"wpforms-submit-spinner\" style=\"display: none;\" width=\"26\" height=\"26\" alt=\"Loading\"><\/div><\/form><\/div>  <!-- .wpforms-container -->\t\t\t\t<\/div>\n\t\t\t\t<\/div>\n\t\t\t\t\t<\/div>\n\t\t\t\t<\/div>\n\t\t\t\t<\/div>\n\t\t","protected":false},"excerpt":{"rendered":"<p>POL\u00cdTICA DE PRIVACIDADE A Rotovedras \u2013 Tecnologia de Pl\u00e1sticos Moldados, Lda, doravante simplesmente Rotovedras, est\u00e1 comprometida com\u00a0 a prote\u00e7\u00e3o da privacidade do Titular de Dados na utiliza\u00e7\u00e3o dos seus produtos e servi\u00e7os. Empenhamo-nos tamb\u00e9m no desenvolvimento tecnologia que ofere\u00e7a as melhores e mais seguras experi\u00eancias online, cumprindo o Regulamento Geral Sobre a Prote\u00e7\u00e3o de Dados [&hellip;]<\/p>\n","protected":false},"author":1,"featured_media":0,"parent":0,"menu_order":0,"comment_status":"closed","ping_status":"closed","template":"","meta":{"content-type":"","footnotes":""},"class_list":["post-1289","page","type-page","status-publish","hentry"],"_links":{"self":[{"href":"https:\/\/rotovedras.com\/pt-pt\/wp-json\/wp\/v2\/pages\/1289","targetHints":{"allow":["GET"]}}],"collection":[{"href":"https:\/\/rotovedras.com\/pt-pt\/wp-json\/wp\/v2\/pages"}],"about":[{"href":"https:\/\/rotovedras.com\/pt-pt\/wp-json\/wp\/v2\/types\/page"}],"author":[{"embeddable":true,"href":"https:\/\/rotovedras.com\/pt-pt\/wp-json\/wp\/v2\/users\/1"}],"replies":[{"embeddable":true,"href":"https:\/\/rotovedras.com\/pt-pt\/wp-json\/wp\/v2\/comments?post=1289"}],"version-history":[{"count":5,"href":"https:\/\/rotovedras.com\/pt-pt\/wp-json\/wp\/v2\/pages\/1289\/revisions"}],"predecessor-version":[{"id":4507,"href":"https:\/\/rotovedras.com\/pt-pt\/wp-json\/wp\/v2\/pages\/1289\/revisions\/4507"}],"wp:attachment":[{"href":"https:\/\/rotovedras.com\/pt-pt\/wp-json\/wp\/v2\/media?parent=1289"}],"curies":[{"name":"wp","href":"https:\/\/api.w.org\/{rel}","templated":true}]}}