{"id":1280,"date":"2024-12-13T14:32:42","date_gmt":"2024-12-13T14:32:42","guid":{"rendered":"https:\/\/rotovedras.com\/?page_id=1280"},"modified":"2025-02-19T11:08:03","modified_gmt":"2025-02-19T11:08:03","slug":"politica-de-qualidade","status":"publish","type":"page","link":"https:\/\/rotovedras.com\/pt-pt\/politica-de-qualidade\/","title":{"rendered":"Pol\u00edtica de Qualidade"},"content":{"rendered":"\t\t<div data-elementor-type=\"wp-page\" data-elementor-id=\"1280\" class=\"elementor elementor-1280\" data-elementor-post-type=\"page\">\n\t\t\t\t<div class=\"elementor-element elementor-element-cb17797 e-con-full e-flex e-con e-parent\" data-id=\"cb17797\" data-element_type=\"container\" data-e-type=\"container\" data-settings=\"{&quot;background_background&quot;:&quot;classic&quot;}\">\n\t\t<div class=\"elementor-element elementor-element-97dc649 e-con-full e-flex e-con e-child\" data-id=\"97dc649\" data-element_type=\"container\" data-e-type=\"container\">\n\t\t\t\t<div class=\"elementor-element elementor-element-ecc1d76 elementor-widget elementor-widget-heading\" data-id=\"ecc1d76\" data-element_type=\"widget\" data-e-type=\"widget\" data-widget_type=\"heading.default\">\n\t\t\t\t\t<h1 class=\"elementor-heading-title elementor-size-default\">POL\u00cdTICA DE QUALIDADE<\/h1>\t\t\t\t<\/div>\n\t\t\t\t<div class=\"elementor-element elementor-element-e76d573 elementor-widget elementor-widget-text-editor\" data-id=\"e76d573\" data-element_type=\"widget\" data-e-type=\"widget\" data-widget_type=\"text-editor.default\">\n\t\t\t\t\t\t\t\t\t<p>Atrav\u00e9s de uma an\u00e1lise detalhada de mercado, observamos as \u00faltimas tend\u00eancias e identificamos novas oportunidades para o desenvolvimento de conceitos inovadores de produto. Trabalhamos em v\u00e1rias \u00e1reas de atua\u00e7\u00e3o, sempre com o objetivo de criar designs que conjuguem est\u00e9tica e funcionalidade, sem descurar as exig\u00eancias atuais do mercado e de olhos postos no futuro. Qualquer que seja o produto, o nosso foco est\u00e1 em oferecer solu\u00e7\u00f5es de design que fa\u00e7am a diferen\u00e7a.<\/p>\t\t\t\t\t\t\t\t<\/div>\n\t\t\t\t<div class=\"elementor-element elementor-element-10219e3 elementor-widget elementor-widget-spacer\" data-id=\"10219e3\" data-element_type=\"widget\" data-e-type=\"widget\" data-widget_type=\"spacer.default\">\n\t\t\t\t\t\t\t<div class=\"elementor-spacer\">\n\t\t\t<div class=\"elementor-spacer-inner\"><\/div>\n\t\t<\/div>\n\t\t\t\t\t\t<\/div>\n\t\t\t\t<div class=\"elementor-element elementor-element-ed5b669 elementor-widget elementor-widget-heading\" data-id=\"ed5b669\" data-element_type=\"widget\" data-e-type=\"widget\" data-widget_type=\"heading.default\">\n\t\t\t\t\t<h2 class=\"elementor-heading-title elementor-size-default\">PRINC\u00cdPIOS DA QUALIDADE<\/h2>\t\t\t\t<\/div>\n\t\t\t\t<div class=\"elementor-element elementor-element-1985e9c elementor-widget elementor-widget-text-editor\" data-id=\"1985e9c\" data-element_type=\"widget\" data-e-type=\"widget\" data-widget_type=\"text-editor.default\">\n\t\t\t\t\t\t\t\t\t<p><strong>Foco no cliente<\/strong><br \/>As atividades desenvolvidas pela Rotovedras &#8211; Tecnologia de Pl\u00e1sticos Moldados, Lda visam exceder as necessidades e expectativas dos seus Clientes. A cria\u00e7\u00e3o de um relacionamento s\u00f3lido e duradouro com os Clientes e o fornecimento de produtos rotomoldados com qualidade s\u00e3o a base de atua\u00e7\u00e3o da empresa.<\/p>\t\t\t\t\t\t\t\t<\/div>\n\t\t\t\t<div class=\"elementor-element elementor-element-74c8bde elementor-widget elementor-widget-text-editor\" data-id=\"74c8bde\" data-element_type=\"widget\" data-e-type=\"widget\" data-widget_type=\"text-editor.default\">\n\t\t\t\t\t\t\t\t\t<p><strong>Lideran\u00e7a<br \/><\/strong>A gest\u00e3o de topo assume o seu compromisso e lideran\u00e7a em rela\u00e7\u00e3o ao seu Sistema de Gest\u00e3o da Qualidade e garante os recursos necess\u00e1rios para o cumprimento dos respetivos requisitos.<\/p>\t\t\t\t\t\t\t\t<\/div>\n\t\t\t\t<div class=\"elementor-element elementor-element-34b9693 elementor-widget elementor-widget-text-editor\" data-id=\"34b9693\" data-element_type=\"widget\" data-e-type=\"widget\" data-widget_type=\"text-editor.default\">\n\t\t\t\t\t\t\t\t\t<p><strong>Comprometimento das pessoas<br \/><\/strong>A equipa da Rotovedras, Lda \u00e9 apoiada e orientada pela Administra\u00e7\u00e3o por forma a garantir a efic\u00e1cia do seu sistema de gest\u00e3o da qualidade.<\/p>\t\t\t\t\t\t\t\t<\/div>\n\t\t\t\t<div class=\"elementor-element elementor-element-650c215 elementor-widget elementor-widget-text-editor\" data-id=\"650c215\" data-element_type=\"widget\" data-e-type=\"widget\" data-widget_type=\"text-editor.default\">\n\t\t\t\t\t\t\t\t\t<p><strong>Abordagem por processos<br \/><\/strong>Para o desenvolvimento, implementa\u00e7\u00e3o e melhoria do Sistema de Gest\u00e3o da Qualidade a Rotovedras, Lda adoptou a abordagem por processos. Esta abordagem permite o controlo das interrela\u00e7\u00f5es e interdep\u00eancias entre os processos e melhorar o desempenho do Sistema de Gest\u00e3o da Qualidade.<\/p>\t\t\t\t\t\t\t\t<\/div>\n\t\t\t\t<div class=\"elementor-element elementor-element-d4616cf elementor-widget elementor-widget-text-editor\" data-id=\"d4616cf\" data-element_type=\"widget\" data-e-type=\"widget\" data-widget_type=\"text-editor.default\">\n\t\t\t\t\t\t\t\t\t<p><strong>Melhoria<\/strong><br \/>A empresa identifica e seleciona oportunidades de melhoria e implementa as a\u00e7\u00f5es adequadas no sentido de aumentar a satisfa\u00e7\u00e3o dos seus Clientes.<\/p>\t\t\t\t\t\t\t\t<\/div>\n\t\t\t\t<div class=\"elementor-element elementor-element-1b55fe9 elementor-widget elementor-widget-text-editor\" data-id=\"1b55fe9\" data-element_type=\"widget\" data-e-type=\"widget\" data-widget_type=\"text-editor.default\">\n\t\t\t\t\t\t\t\t\t<p><strong>Tomada de decis\u00f5es baseada em evid\u00eancias<\/strong><br \/>As decis\u00f5es tomadas pela gest\u00e3o de topo s\u00e3o baseadas nos riscos e oportunidades do neg\u00f3cio e na avalia\u00e7\u00e3o de dados concretos e de informa\u00e7\u00e3o.<\/p>\t\t\t\t\t\t\t\t<\/div>\n\t\t\t\t<div class=\"elementor-element elementor-element-0e8280f elementor-widget elementor-widget-text-editor\" data-id=\"0e8280f\" data-element_type=\"widget\" data-e-type=\"widget\" data-widget_type=\"text-editor.default\">\n\t\t\t\t\t\t\t\t\t<p><strong>Gest\u00e3o das Rela\u00e7\u00f5es<\/strong><br \/>A Rotovedras promove o desenvolvimento de parcerias estrat\u00e9gicas com os seus fornecedores para a cria\u00e7\u00e3o de valor e benef\u00edcios m\u00fatuos.<\/p>\t\t\t\t\t\t\t\t<\/div>\n\t\t\t\t<div class=\"elementor-element elementor-element-b07e0a4 elementor-widget elementor-widget-text-editor\" data-id=\"b07e0a4\" data-element_type=\"widget\" data-e-type=\"widget\" data-widget_type=\"text-editor.default\">\n\t\t\t\t\t\t\t\t\t<p>A Administra\u00e7\u00e3o da Rotovedras compromete-se, ao estabelecer esta Pol\u00edtica da Qualidade, em fazer cumprir os requisitos do seu Sistema de Gest\u00e3o da Qualidade, segundo a norma <span style=\"color: #5d6b7d;\"><a style=\"color: #5d6b7d;\" href=\"https:\/\/www.apopartner.pt\/iso-90012015\/\" target=\"_blank\" rel=\"noopener\">ISO 9001:2015<\/a>,<\/span> bem como, os requisitos legais e estatut\u00e1rios aplic\u00e1veis \u00e0 sua atividade.<\/p>\t\t\t\t\t\t\t\t<\/div>\n\t\t\t\t<\/div>\n\t\t\t\t<\/div>\n\t\t<div class=\"elementor-element elementor-element-53448e3c e-flex e-con-boxed e-con e-parent\" data-id=\"53448e3c\" data-element_type=\"container\" data-e-type=\"container\" data-settings=\"{&quot;background_background&quot;:&quot;gradient&quot;}\">\n\t\t\t\t\t<div class=\"e-con-inner\">\n\t\t\t\t<div class=\"elementor-element elementor-element-532cc2c9 elementor-widget elementor-widget-heading\" data-id=\"532cc2c9\" data-element_type=\"widget\" data-e-type=\"widget\" data-widget_type=\"heading.default\">\n\t\t\t\t\t<span class=\"elementor-heading-title elementor-size-default\">Contacte-nos.<\/br> <span class=\"h-strong\">Vamos desenvolver<br \/> um novo produto.<\/span><\/span>\t\t\t\t<\/div>\n\t\t\t\t<div class=\"elementor-element elementor-element-56ebd414 elementor-widget elementor-widget-wpforms\" data-id=\"56ebd414\" data-element_type=\"widget\" data-e-type=\"widget\" data-widget_type=\"wpforms.default\">\n\t\t\t\t<div class=\"elementor-widget-container\">\n\t\t\t\t\t<div class=\"wpforms-container wpforms-container-full form-layout wpforms-render-modern\" id=\"wpforms-566\"><form id=\"wpforms-form-566\" class=\"wpforms-validate wpforms-form wpforms-ajax-form\" data-formid=\"566\" method=\"post\" enctype=\"multipart\/form-data\" action=\"\/pt-pt\/wp-json\/wp\/v2\/pages\/1280\" data-token=\"435f260f47b47e1b541fec031f72244e\" data-token-time=\"1776978500\"><noscript class=\"wpforms-error-noscript\">Please enable JavaScript in your browser to complete this form.<\/noscript><div id=\"wpforms-error-noscript\" style=\"display: none;\">Please enable JavaScript in your browser to complete this form.<\/div><div class=\"wpforms-field-container\"><div id=\"wpforms-566-field_1-container\" class=\"wpforms-field wpforms-field-name wpforms-one-half wpforms-first\" data-field-id=\"1\"><label class=\"wpforms-field-label\" for=\"wpforms-566-field_1\">Nome <span class=\"wpforms-required-label\" aria-hidden=\"true\">*<\/span><\/label><input type=\"text\" id=\"wpforms-566-field_1\" class=\"wpforms-field-large wpforms-field-required\" name=\"wpforms[fields][1]\" aria-errormessage=\"wpforms-566-field_1-error\" required><\/div><div id=\"wpforms-566-field_4-container\" class=\"wpforms-field wpforms-field-name wpforms-one-half\" data-field-id=\"4\"><label class=\"wpforms-field-label\" for=\"wpforms-566-field_4\">Empresa<\/label><input type=\"text\" id=\"wpforms-566-field_4\" class=\"wpforms-field-large\" name=\"wpforms[fields][4]\" aria-errormessage=\"wpforms-566-field_4-error\" ><\/div><div id=\"wpforms-566-field_2-container\" class=\"wpforms-field wpforms-field-email wpforms-one-half wpforms-first\" data-field-id=\"2\"><label class=\"wpforms-field-label\" for=\"wpforms-566-field_2\">E-mail <span class=\"wpforms-required-label\" aria-hidden=\"true\">*<\/span><\/label><input type=\"email\" id=\"wpforms-566-field_2\" class=\"wpforms-field-large wpforms-field-required\" name=\"wpforms[fields][2]\" spellcheck=\"false\" aria-errormessage=\"wpforms-566-field_2-error\" required><\/div>\t\t<div id=\"wpforms-566-field_5-container\"\n\t\t\tclass=\"wpforms-field wpforms-field-text\"\n\t\t\tdata-field-type=\"text\"\n\t\t\tdata-field-id=\"5\"\n\t\t\t>\n\t\t\t<label class=\"wpforms-field-label\" for=\"wpforms-566-field_5\" >Privacidade Empresa E-mail<\/label>\n\t\t\t<input type=\"text\" id=\"wpforms-566-field_5\" class=\"wpforms-field-medium\" name=\"wpforms[fields][5]\" >\n\t\t<\/div>\n\t\t<div id=\"wpforms-566-field_8-container\" class=\"wpforms-field wpforms-field-text wpforms-one-half\" data-field-id=\"8\"><label class=\"wpforms-field-label\" for=\"wpforms-566-field_8\">Telefone<\/label><input type=\"text\" id=\"wpforms-566-field_8\" class=\"wpforms-field-large wpforms-masked-input wpforms-limit-characters-enabled\" data-rule-inputmask-incomplete=\"1\" data-inputmask-mask=\"999 999 999\" data-form-id=\"566\" data-field-id=\"8\" data-text-limit=\"11\" name=\"wpforms[fields][8]\" aria-errormessage=\"wpforms-566-field_8-error\" maxlength=\"11\" ><\/div><div id=\"wpforms-566-field_6-container\" class=\"wpforms-field wpforms-field-select wpforms-field-select-style-classic\" data-field-id=\"6\"><label class=\"wpforms-field-label\" for=\"wpforms-566-field_6\">Assunto <span class=\"wpforms-required-label\" aria-hidden=\"true\">*<\/span><\/label><select id=\"wpforms-566-field_6\" class=\"wpforms-field-large wpforms-field-required\" name=\"wpforms[fields][6]\" required=\"required\"><option value=\"Solicitar Or\u00e7amento\"  class=\"choice-1 depth-1\"  >Solicitar Or\u00e7amento<\/option><option value=\"Outros Assuntos\"  class=\"choice-2 depth-1\"  >Outros Assuntos<\/option><\/select><\/div><div id=\"wpforms-566-field_3-container\" class=\"wpforms-field wpforms-field-textarea\" data-field-id=\"3\"><label class=\"wpforms-field-label\" for=\"wpforms-566-field_3\">Mensagem<\/label><textarea id=\"wpforms-566-field_3\" class=\"wpforms-field-medium\" name=\"wpforms[fields][3]\" aria-errormessage=\"wpforms-566-field_3-error\" ><\/textarea><\/div><div id=\"wpforms-566-field_7-container\" class=\"wpforms-field wpforms-field-gdpr-checkbox\" data-field-id=\"7\"><label class=\"wpforms-field-label\">Pol\u00edtica de Privacidade <span class=\"wpforms-required-label\" aria-hidden=\"true\">*<\/span><\/label><ul id=\"wpforms-566-field_7\" class=\"wpforms-field-required\"><li class=\"choice-1\"><input type=\"checkbox\" id=\"wpforms-566-field_7_1\" name=\"wpforms[fields][7][]\" value=\"Declaro que li e aceito a &lt;a href=&quot;https:\/\/rotovedras.com\/politica-de-privacidade\/&quot; alt=&quot;Pol\u00edtica de Privacidade&quot;&gt;Pol\u00edtica de Privacidade&lt;\/a&gt; Rotovedras - Plastic Technology.\" aria-errormessage=\"wpforms-566-field_7_1-error\" required ><label class=\"wpforms-field-label-inline\" for=\"wpforms-566-field_7_1\">Declaro que li e aceito a <a href=\"https:\/\/rotovedras.com\/politica-de-privacidade\/\">Pol\u00edtica de Privacidade<\/a> Rotovedras - Plastic Technology.<\/label><\/li><\/ul><\/div><script>\n\t\t\t\t( function() {\n\t\t\t\t\tconst style = document.createElement( 'style' );\n\t\t\t\t\tstyle.appendChild( document.createTextNode( '#wpforms-566-field_5-container { position: absolute !important; overflow: hidden !important; display: inline !important; height: 1px !important; width: 1px !important; z-index: -1000 !important; padding: 0 !important; } #wpforms-566-field_5-container input { visibility: hidden; } #wpforms-conversational-form-page #wpforms-566-field_5-container label { counter-increment: none; }' ) );\n\t\t\t\t\tdocument.head.appendChild( style );\n\t\t\t\t\tdocument.currentScript?.remove();\n\t\t\t\t} )();\n\t\t\t<\/script><\/div><!-- .wpforms-field-container --><div class=\"wpforms-recaptcha-container wpforms-is-recaptcha wpforms-is-recaptcha-type-v3\" ><input type=\"hidden\" name=\"wpforms[recaptcha]\" value=\"\"><\/div><div class=\"wpforms-submit-container\" ><input type=\"hidden\" name=\"wpforms[id]\" value=\"566\"><input type=\"hidden\" name=\"page_title\" value=\"\"><input type=\"hidden\" name=\"page_url\" value=\"https:\/\/rotovedras.com\/pt-pt\/wp-json\/wp\/v2\/pages\/1280\"><input type=\"hidden\" name=\"url_referer\" value=\"\"><button type=\"submit\" name=\"wpforms[submit]\" id=\"wpforms-submit-566\" class=\"wpforms-submit form-btn-layout\" data-alt-text=\"A enviar...\" data-submit-text=\"Enviar\" aria-live=\"assertive\" value=\"wpforms-submit\">Enviar<\/button><img decoding=\"async\" src=\"https:\/\/rotovedras.com\/wp-content\/plugins\/wpforms-lite\/assets\/images\/submit-spin.svg\" class=\"wpforms-submit-spinner\" style=\"display: none;\" width=\"26\" height=\"26\" alt=\"Loading\"><\/div><\/form><\/div>  <!-- .wpforms-container -->\t\t\t\t<\/div>\n\t\t\t\t<\/div>\n\t\t\t\t\t<\/div>\n\t\t\t\t<\/div>\n\t\t\t\t<\/div>\n\t\t","protected":false},"excerpt":{"rendered":"<p>POL\u00cdTICA DE QUALIDADE Atrav\u00e9s de uma an\u00e1lise detalhada de mercado, observamos as \u00faltimas tend\u00eancias e identificamos novas oportunidades para o desenvolvimento de conceitos inovadores de produto. Trabalhamos em v\u00e1rias \u00e1reas de atua\u00e7\u00e3o, sempre com o objetivo de criar designs que conjuguem est\u00e9tica e funcionalidade, sem descurar as exig\u00eancias atuais do mercado e de olhos postos [&hellip;]<\/p>\n","protected":false},"author":1,"featured_media":0,"parent":0,"menu_order":0,"comment_status":"closed","ping_status":"closed","template":"","meta":{"content-type":"","footnotes":""},"class_list":["post-1280","page","type-page","status-publish","hentry"],"_links":{"self":[{"href":"https:\/\/rotovedras.com\/pt-pt\/wp-json\/wp\/v2\/pages\/1280","targetHints":{"allow":["GET"]}}],"collection":[{"href":"https:\/\/rotovedras.com\/pt-pt\/wp-json\/wp\/v2\/pages"}],"about":[{"href":"https:\/\/rotovedras.com\/pt-pt\/wp-json\/wp\/v2\/types\/page"}],"author":[{"embeddable":true,"href":"https:\/\/rotovedras.com\/pt-pt\/wp-json\/wp\/v2\/users\/1"}],"replies":[{"embeddable":true,"href":"https:\/\/rotovedras.com\/pt-pt\/wp-json\/wp\/v2\/comments?post=1280"}],"version-history":[{"count":5,"href":"https:\/\/rotovedras.com\/pt-pt\/wp-json\/wp\/v2\/pages\/1280\/revisions"}],"predecessor-version":[{"id":4504,"href":"https:\/\/rotovedras.com\/pt-pt\/wp-json\/wp\/v2\/pages\/1280\/revisions\/4504"}],"wp:attachment":[{"href":"https:\/\/rotovedras.com\/pt-pt\/wp-json\/wp\/v2\/media?parent=1280"}],"curies":[{"name":"wp","href":"https:\/\/api.w.org\/{rel}","templated":true}]}}