{"id":4617,"date":"2024-12-04T17:26:14","date_gmt":"2024-12-04T17:26:14","guid":{"rendered":"https:\/\/rotovedras.com\/services\/"},"modified":"2025-02-19T17:37:55","modified_gmt":"2025-02-19T17:37:55","slug":"services","status":"publish","type":"page","link":"https:\/\/rotovedras.com\/fr\/services\/","title":{"rendered":"Services"},"content":{"rendered":"\t\t<div data-elementor-type=\"wp-page\" data-elementor-id=\"4617\" class=\"elementor elementor-4617 elementor-474\" data-elementor-post-type=\"page\">\n\t\t\t\t<div class=\"elementor-element elementor-element-c43dc8e e-con-full e-flex e-con e-parent\" data-id=\"c43dc8e\" data-element_type=\"container\" data-e-type=\"container\">\n\t\t<div class=\"elementor-element elementor-element-c2152de e-con-full e-flex e-con e-child\" data-id=\"c2152de\" data-element_type=\"container\" data-e-type=\"container\">\n\t\t\t\t<div class=\"elementor-element elementor-element-3962197 elementor-widget__width-initial elementor-widget elementor-widget-heading\" data-id=\"3962197\" data-element_type=\"widget\" data-e-type=\"widget\" data-widget_type=\"heading.default\">\n\t\t\t\t\t<h1 class=\"elementor-heading-title elementor-size-default\">SERVICES POUR LES<br>\nPROJETS DE ROTOMOULAGE<\/h1>\t\t\t\t<\/div>\n\t\t\t\t<\/div>\n\t\t\t\t<\/div>\n\t\t<div class=\"elementor-element elementor-element-0a3fda1 e-con-full e-flex e-con e-parent\" data-id=\"0a3fda1\" data-element_type=\"container\" data-e-type=\"container\">\n\t\t<div class=\"elementor-element elementor-element-b77b424 e-con-full e-flex e-con e-child\" data-id=\"b77b424\" data-element_type=\"container\" data-e-type=\"container\">\n\t\t\t\t<div class=\"elementor-element elementor-element-1582414 elementor-widget elementor-widget-heading\" data-id=\"1582414\" data-element_type=\"widget\" data-e-type=\"widget\" data-widget_type=\"heading.default\">\n\t\t\t\t\t<span class=\"elementor-heading-title elementor-size-default\"><span style=\"font-size: 24px\">D\u00e9couvrez nos services pour les projets de rotomoulage<\/span><\/span>\t\t\t\t<\/div>\n\t\t\t\t<div class=\"elementor-element elementor-element-79832ea elementor-widget elementor-widget-text-editor\" data-id=\"79832ea\" data-element_type=\"widget\" data-e-type=\"widget\" data-widget_type=\"text-editor.default\">\n\t\t\t\t\t\t\t\t\t<p><span style=\"white-space-collapse: preserve;\">Conception industrielle, ing\u00e9nierie m\u00e9canique et inverse, prototypage, production de moules et fabrication. <\/span><\/p><p>Nous proposons un ensemble complet de services couvrant toutes les \u00e9tapes du d\u00e9veloppement d&rsquo;un produit, de la conception initiale \u00e0 la production finale. Nous combinons la cr\u00e9ativit\u00e9, l&rsquo;innovation et la technologie pour garantir des solutions personnalis\u00e9es et de haute qualit\u00e9.<\/p>\t\t\t\t\t\t\t\t<\/div>\n\t\t\t\t<\/div>\n\t\t<div class=\"elementor-element elementor-element-6673c17 e-con-full e-flex e-con e-child\" data-id=\"6673c17\" data-element_type=\"container\" data-e-type=\"container\">\n\t\t\t\t<div class=\"elementor-element elementor-element-cb38983 elementor-widget elementor-widget-heading\" data-id=\"cb38983\" data-element_type=\"widget\" data-e-type=\"widget\" data-widget_type=\"heading.default\">\n\t\t\t\t\t<span class=\"elementor-heading-title elementor-size-default\"><span style=\"font-size: 24px\">Une \u00e9quipe pluridisciplinaire \u00e0 votre service<\/span><\/span>\t\t\t\t<\/div>\n\t\t\t\t<div class=\"elementor-element elementor-element-4d08a07 elementor-widget elementor-widget-text-editor\" data-id=\"4d08a07\" data-element_type=\"widget\" data-e-type=\"widget\" data-widget_type=\"text-editor.default\">\n\t\t\t\t\t\t\t\t\t<p>Notre \u00e9quipe pluridisciplinaire est pr\u00eate \u00e0 r\u00e9pondre \u00e0 des projets ambitieux dans diff\u00e9rents domaines, en mettant l&rsquo;accent sur la flexibilit\u00e9 et l&rsquo;adaptation aux besoins sp\u00e9cifiques de chaque client.<\/p><p>Quel que soit le d\u00e9fi, nous travaillons c\u00f4te \u00e0 c\u00f4te avec nos clients pour transformer les id\u00e9es en r\u00e9alit\u00e9, en nous concentrant toujours sur l&rsquo;efficacit\u00e9, la pr\u00e9cision et l&rsquo;excellence dans les moindres d\u00e9tails.<\/p>\t\t\t\t\t\t\t\t<\/div>\n\t\t\t\t<\/div>\n\t\t\t\t<\/div>\n\t\t<div class=\"elementor-element elementor-element-069e6dc e-con-full e-flex e-con e-parent\" data-id=\"069e6dc\" data-element_type=\"container\" data-e-type=\"container\" data-settings=\"{&quot;background_background&quot;:&quot;classic&quot;}\">\n\t\t<div class=\"elementor-element elementor-element-ff3826d e-con-full e-flex e-con e-child\" data-id=\"ff3826d\" data-element_type=\"container\" data-e-type=\"container\" data-settings=\"{&quot;background_background&quot;:&quot;classic&quot;,&quot;motion_fx_motion_fx_scrolling&quot;:&quot;yes&quot;,&quot;motion_fx_translateY_effect&quot;:&quot;yes&quot;,&quot;motion_fx_translateY_speed&quot;:{&quot;unit&quot;:&quot;px&quot;,&quot;size&quot;:1,&quot;sizes&quot;:[]},&quot;motion_fx_translateY_affectedRange&quot;:{&quot;unit&quot;:&quot;%&quot;,&quot;size&quot;:&quot;&quot;,&quot;sizes&quot;:{&quot;start&quot;:0,&quot;end&quot;:100}},&quot;motion_fx_devices&quot;:[&quot;desktop&quot;,&quot;tablet&quot;,&quot;mobile&quot;]}\">\n\t\t\t\t<div class=\"elementor-element elementor-element-21e1e3b elementor-widget elementor-widget-heading\" data-id=\"21e1e3b\" data-element_type=\"widget\" data-e-type=\"widget\" data-widget_type=\"heading.default\">\n\t\t\t\t\t<h2 class=\"elementor-heading-title elementor-size-default\">ING\u00c9NIERIE<br> INVERSE<\/h2>\t\t\t\t<\/div>\n\t\t\t\t<div class=\"elementor-element elementor-element-5ca5cb0 elementor-widget elementor-widget-text-editor\" data-id=\"5ca5cb0\" data-element_type=\"widget\" data-e-type=\"widget\" data-widget_type=\"text-editor.default\">\n\t\t\t\t\t\t\t\t\t<p>Gr\u00e2ce \u00e0 nos services de Ing\u00e9nierie Inverse, nous proposons une approche avanc\u00e9e pour la r\u00e9cup\u00e9ration et la reconstruction de pi\u00e8ces. Gr\u00e2ce \u00e0 la technologie de num\u00e9risation 3D, nous pouvons mesurer et recr\u00e9er des objets physiques sous forme de mod\u00e8les tridimensionnels virtuels destin\u00e9s \u00e0 \u00eatre utilis\u00e9s dans les syst\u00e8mes de CAO 3D, de FAO ou d&rsquo;IAO. Cette technique permet d&rsquo;analyser, de modifier ou de produire des r\u00e9pliques d&rsquo;anciennes pi\u00e8ces et de r\u00e9-ing\u00e9nierie des composants. L\u2019Ing\u00e9nierie Inverse est donc un service fondamental pour la modernisation de nombreuses soci\u00e9t\u00e9s ou entreprises, et s&rsquo;applique avec pr\u00e9cision \u00e0 des projets de toute complexit\u00e9.<\/p>\t\t\t\t\t\t\t\t<\/div>\n\t\t\t\t<\/div>\n\t\t\t\t<\/div>\n\t\t<div class=\"elementor-element elementor-element-e9fd58c e-con-full e-flex e-con e-parent\" data-id=\"e9fd58c\" data-element_type=\"container\" data-e-type=\"container\" data-settings=\"{&quot;background_background&quot;:&quot;classic&quot;}\">\n\t\t<div class=\"elementor-element elementor-element-3337832 e-con-full e-flex e-con e-child\" data-id=\"3337832\" data-element_type=\"container\" data-e-type=\"container\" data-settings=\"{&quot;background_background&quot;:&quot;classic&quot;,&quot;motion_fx_motion_fx_scrolling&quot;:&quot;yes&quot;,&quot;motion_fx_translateY_effect&quot;:&quot;yes&quot;,&quot;motion_fx_translateY_speed&quot;:{&quot;unit&quot;:&quot;px&quot;,&quot;size&quot;:1,&quot;sizes&quot;:[]},&quot;motion_fx_translateY_affectedRange&quot;:{&quot;unit&quot;:&quot;%&quot;,&quot;size&quot;:&quot;&quot;,&quot;sizes&quot;:{&quot;start&quot;:0,&quot;end&quot;:100}},&quot;motion_fx_devices&quot;:[&quot;desktop&quot;,&quot;tablet&quot;,&quot;mobile&quot;]}\">\n\t\t\t\t<div class=\"elementor-element elementor-element-e7783a7 elementor-widget elementor-widget-heading\" data-id=\"e7783a7\" data-element_type=\"widget\" data-e-type=\"widget\" data-widget_type=\"heading.default\">\n\t\t\t\t\t<h2 class=\"elementor-heading-title elementor-size-default\"><a href=\"https:\/\/mododesign.pt\/\" target=\"_blank\" rel=\"noopener\">CONCEPTION<br> INDUSTRIELLE<\/a><\/h2>\t\t\t\t<\/div>\n\t\t\t\t<div class=\"elementor-element elementor-element-18f5db9 elementor-widget elementor-widget-text-editor\" data-id=\"18f5db9\" data-element_type=\"widget\" data-e-type=\"widget\" data-widget_type=\"text-editor.default\">\n\t\t\t\t\t\t\t\t\t<p>Gr\u00e2ce \u00e0 une analyse d\u00e9taill\u00e9e du march\u00e9, nous observons les derni\u00e8res tendances et identifions de nouvelles opportunit\u00e9s pour d\u00e9velopper des concepts de produits innovants. Nous travaillons dans diff\u00e9rents domaines, toujours dans le but de cr\u00e9er des designs qui allient esth\u00e9tique et fonctionnalit\u00e9, sans n\u00e9gliger les demandes actuelles du march\u00e9 et en se tournant vers l&rsquo;avenir. Quel que soit le produit, notre objectif est d&rsquo;offrir des solutions de conception qui font la diff\u00e9rence pour nos clients et nos partenaires.<\/p>\t\t\t\t\t\t\t\t<\/div>\n\t\t\t\t<\/div>\n\t\t\t\t<\/div>\n\t\t<div class=\"elementor-element elementor-element-111ad59 e-con-full e-flex e-con e-parent\" data-id=\"111ad59\" data-element_type=\"container\" data-e-type=\"container\" data-settings=\"{&quot;background_background&quot;:&quot;classic&quot;}\">\n\t\t<div class=\"elementor-element elementor-element-409cae7 e-con-full e-flex e-con e-child\" data-id=\"409cae7\" data-element_type=\"container\" data-e-type=\"container\" data-settings=\"{&quot;background_background&quot;:&quot;classic&quot;,&quot;motion_fx_motion_fx_scrolling&quot;:&quot;yes&quot;,&quot;motion_fx_translateY_effect&quot;:&quot;yes&quot;,&quot;motion_fx_translateY_speed&quot;:{&quot;unit&quot;:&quot;px&quot;,&quot;size&quot;:1,&quot;sizes&quot;:[]},&quot;motion_fx_translateY_affectedRange&quot;:{&quot;unit&quot;:&quot;%&quot;,&quot;size&quot;:&quot;&quot;,&quot;sizes&quot;:{&quot;start&quot;:0,&quot;end&quot;:100}},&quot;motion_fx_devices&quot;:[&quot;desktop&quot;,&quot;tablet&quot;,&quot;mobile&quot;]}\">\n\t\t\t\t<div class=\"elementor-element elementor-element-03c0a4a elementor-widget elementor-widget-heading\" data-id=\"03c0a4a\" data-element_type=\"widget\" data-e-type=\"widget\" data-widget_type=\"heading.default\">\n\t\t\t\t\t<h2 class=\"elementor-heading-title elementor-size-default\">ING\u00c9NIERIE<br> M\u00c9CANIQUE<\/h2>\t\t\t\t<\/div>\n\t\t\t\t<div class=\"elementor-element elementor-element-2bc890d elementor-widget elementor-widget-text-editor\" data-id=\"2bc890d\" data-element_type=\"widget\" data-e-type=\"widget\" data-widget_type=\"text-editor.default\">\n\t\t\t\t\t\t\t\t\t<p>Une fois la conception valid\u00e9e, notre \u00e9quipe d&rsquo;ing\u00e9nieurs d\u00e9veloppe des solutions techniques et fonctionnelles adapt\u00e9es aux processus de fabrication qui conviennent le mieux \u00e0 chaque projet. Nous combinons cr\u00e9ativit\u00e9 et rigueur technique pour que le produit final r\u00e9ponde aux attentes du client et du consommateur final, en respectant scrupuleusement les normes de qualit\u00e9 et la faisabilit\u00e9 de la production. Chez Rotovedras, nous mettons l&rsquo;accent sur les r\u00e9sultats pratiques et efficaces.<\/p>\t\t\t\t\t\t\t\t<\/div>\n\t\t\t\t<\/div>\n\t\t\t\t<\/div>\n\t\t<div class=\"elementor-element elementor-element-1f0741a e-con-full e-flex e-con e-parent\" data-id=\"1f0741a\" data-element_type=\"container\" data-e-type=\"container\" data-settings=\"{&quot;background_background&quot;:&quot;classic&quot;}\">\n\t\t<div class=\"elementor-element elementor-element-6e0ee9e e-con-full e-flex e-con e-child\" data-id=\"6e0ee9e\" data-element_type=\"container\" data-e-type=\"container\" data-settings=\"{&quot;background_background&quot;:&quot;classic&quot;,&quot;motion_fx_motion_fx_scrolling&quot;:&quot;yes&quot;,&quot;motion_fx_translateY_effect&quot;:&quot;yes&quot;,&quot;motion_fx_translateY_speed&quot;:{&quot;unit&quot;:&quot;px&quot;,&quot;size&quot;:1,&quot;sizes&quot;:[]},&quot;motion_fx_translateY_affectedRange&quot;:{&quot;unit&quot;:&quot;%&quot;,&quot;size&quot;:&quot;&quot;,&quot;sizes&quot;:{&quot;start&quot;:0,&quot;end&quot;:100}},&quot;motion_fx_devices&quot;:[&quot;desktop&quot;,&quot;tablet&quot;,&quot;mobile&quot;]}\">\n\t\t\t\t<div class=\"elementor-element elementor-element-c9305b7 elementor-widget elementor-widget-heading\" data-id=\"c9305b7\" data-element_type=\"widget\" data-e-type=\"widget\" data-widget_type=\"heading.default\">\n\t\t\t\t\t<h2 class=\"elementor-heading-title elementor-size-default\">PROTOTYPAGE<\/h2>\t\t\t\t<\/div>\n\t\t\t\t<div class=\"elementor-element elementor-element-eae6429 elementor-widget elementor-widget-text-editor\" data-id=\"eae6429\" data-element_type=\"widget\" data-e-type=\"widget\" data-widget_type=\"text-editor.default\">\n\t\t\t\t\t\t\t\t\t<p>Le prototypage est une \u00e9tape cruciale dans le d\u00e9veloppement d&rsquo;un produit et, chez Rotovedras, nous accordons une attention particuli\u00e8re \u00e0 ce processus. Nous cr\u00e9ons des prototypes fonctionnels et esth\u00e9tiques qui nous permettent de tester et d&rsquo;affiner les concepts avant de passer \u00e0 l&rsquo;\u00e9tape finale : la production. La phase de prototypage permet non seulement \u00e0 l&rsquo;\u00e9quipe de d\u00e9veloppement d&rsquo;identifier les am\u00e9liorations n\u00e9cessaires, mais aussi de minimiser les risques et, surtout, les co\u00fbts suppl\u00e9mentaires inutiles.<\/p>\t\t\t\t\t\t\t\t<\/div>\n\t\t\t\t<\/div>\n\t\t\t\t<\/div>\n\t\t<div class=\"elementor-element elementor-element-a53cbeb e-con-full e-flex e-con e-parent\" data-id=\"a53cbeb\" data-element_type=\"container\" data-e-type=\"container\" data-settings=\"{&quot;background_background&quot;:&quot;classic&quot;}\">\n\t\t<div class=\"elementor-element elementor-element-2133132 e-con-full e-flex e-con e-child\" data-id=\"2133132\" data-element_type=\"container\" data-e-type=\"container\" data-settings=\"{&quot;background_background&quot;:&quot;classic&quot;,&quot;motion_fx_motion_fx_scrolling&quot;:&quot;yes&quot;,&quot;motion_fx_translateY_effect&quot;:&quot;yes&quot;,&quot;motion_fx_translateY_speed&quot;:{&quot;unit&quot;:&quot;px&quot;,&quot;size&quot;:1,&quot;sizes&quot;:[]},&quot;motion_fx_translateY_affectedRange&quot;:{&quot;unit&quot;:&quot;%&quot;,&quot;size&quot;:&quot;&quot;,&quot;sizes&quot;:{&quot;start&quot;:0,&quot;end&quot;:100}},&quot;motion_fx_devices&quot;:[&quot;desktop&quot;,&quot;tablet&quot;,&quot;mobile&quot;]}\">\n\t\t\t\t<div class=\"elementor-element elementor-element-8cf42a1 elementor-widget elementor-widget-heading\" data-id=\"8cf42a1\" data-element_type=\"widget\" data-e-type=\"widget\" data-widget_type=\"heading.default\">\n\t\t\t\t\t<h2 class=\"elementor-heading-title elementor-size-default\">PRODUCTION<br> DE MOULES<\/h2>\t\t\t\t<\/div>\n\t\t\t\t<div class=\"elementor-element elementor-element-c5876ed elementor-widget elementor-widget-text-editor\" data-id=\"c5876ed\" data-element_type=\"widget\" data-e-type=\"widget\" data-widget_type=\"text-editor.default\">\n\t\t\t\t\t\t\t\t\t<p>Les moules sont essentiels pour garantir la qualit\u00e9 et la r\u00e9p\u00e9tabilit\u00e9 de la production de pi\u00e8ces. Chez Rotovedras, nous concevons et fabriquons des moules sur mesure en utilisant les techniques les plus appropri\u00e9es au projet en question, qu&rsquo;il s&rsquo;agisse d&rsquo;usinage (CNC), de construction soud\u00e9e ou de moulage. Nous proposons des solutions pr\u00e9cises qui garantissent l&rsquo;efficacit\u00e9 et la durabilit\u00e9 du processus de production.<\/p>\t\t\t\t\t\t\t\t<\/div>\n\t\t\t\t<\/div>\n\t\t\t\t<\/div>\n\t\t<div class=\"elementor-element elementor-element-99ba5fe e-con-full e-flex e-con e-parent\" data-id=\"99ba5fe\" data-element_type=\"container\" data-e-type=\"container\" data-settings=\"{&quot;background_background&quot;:&quot;classic&quot;}\">\n\t\t<div class=\"elementor-element elementor-element-82a1cc3 e-con-full e-flex e-con e-child\" data-id=\"82a1cc3\" data-element_type=\"container\" data-e-type=\"container\" data-settings=\"{&quot;background_background&quot;:&quot;classic&quot;,&quot;motion_fx_motion_fx_scrolling&quot;:&quot;yes&quot;,&quot;motion_fx_translateY_effect&quot;:&quot;yes&quot;,&quot;motion_fx_translateY_speed&quot;:{&quot;unit&quot;:&quot;px&quot;,&quot;size&quot;:1,&quot;sizes&quot;:[]},&quot;motion_fx_translateY_affectedRange&quot;:{&quot;unit&quot;:&quot;%&quot;,&quot;size&quot;:&quot;&quot;,&quot;sizes&quot;:{&quot;start&quot;:0,&quot;end&quot;:100}},&quot;motion_fx_devices&quot;:[&quot;desktop&quot;,&quot;tablet&quot;,&quot;mobile&quot;]}\">\n\t\t\t\t<div class=\"elementor-element elementor-element-01af4e3 elementor-widget elementor-widget-heading\" data-id=\"01af4e3\" data-element_type=\"widget\" data-e-type=\"widget\" data-widget_type=\"heading.default\">\n\t\t\t\t\t<h2 class=\"elementor-heading-title elementor-size-default\">FABRICATION<\/h2>\t\t\t\t<\/div>\n\t\t\t\t<div class=\"elementor-element elementor-element-2038ef4 elementor-widget elementor-widget-text-editor\" data-id=\"2038ef4\" data-element_type=\"widget\" data-e-type=\"widget\" data-widget_type=\"text-editor.default\">\n\t\t\t\t\t\t\t\t\t<p>Avec une \u00e9quipe de professionnels qualifi\u00e9s et des \u00e9quipements les plus avanc\u00e9s, nous r\u00e9alisons des productions \u00e0 grande \u00e9chelle en utilisant les processus les mieux adapt\u00e9s aux sp\u00e9cifications de chaque projet. En outre, nous proposons des services compl\u00e9mentaires tels que la finition soign\u00e9e et le montage d&rsquo;accessoires, afin que chaque pi\u00e8ce quitte nos installations pr\u00eate \u00e0 l&#8217;emploi, dans le respect des normes de qualit\u00e9 les plus strictes.<\/p>\t\t\t\t\t\t\t\t<\/div>\n\t\t\t\t<\/div>\n\t\t\t\t<\/div>\n\t\t<div class=\"elementor-element elementor-element-6206b30d e-flex e-con-boxed e-con e-parent\" data-id=\"6206b30d\" data-element_type=\"container\" data-e-type=\"container\" data-settings=\"{&quot;background_background&quot;:&quot;gradient&quot;}\">\n\t\t\t\t\t<div class=\"e-con-inner\">\n\t\t\t\t<div class=\"elementor-element elementor-element-2867929c elementor-widget elementor-widget-heading\" data-id=\"2867929c\" data-element_type=\"widget\" data-e-type=\"widget\" data-widget_type=\"heading.default\">\n\t\t\t\t\t<span class=\"elementor-heading-title elementor-size-default\">Contactez-nous.<\/br> <span class=\"h-strong\">D\u00e9veloppons<br> un nouveau produit.<\/span><\/span>\t\t\t\t<\/div>\n\t\t\t\t<div class=\"elementor-element elementor-element-27872beb elementor-widget elementor-widget-wpforms\" data-id=\"27872beb\" data-element_type=\"widget\" data-e-type=\"widget\" data-widget_type=\"wpforms.default\">\n\t\t\t\t<div class=\"elementor-widget-container\">\n\t\t\t\t\t<div class=\"wpforms-container wpforms-container-full form-layout wpforms-render-modern\" id=\"wpforms-566\"><form id=\"wpforms-form-566\" class=\"wpforms-validate wpforms-form wpforms-ajax-form\" data-formid=\"566\" method=\"post\" enctype=\"multipart\/form-data\" action=\"\/fr\/wp-json\/wp\/v2\/pages\/4617\" data-token=\"6fa4278cf2295fd731dfe4ab7d74d4a8\" data-token-time=\"1777108827\"><noscript class=\"wpforms-error-noscript\">Veuillez activer JavaScript dans votre navigateur pour remplir ce formulaire.<\/noscript><div id=\"wpforms-error-noscript\" style=\"display: none;\">Veuillez activer JavaScript dans votre navigateur pour remplir ce formulaire.<\/div><div class=\"wpforms-field-container\"><div id=\"wpforms-566-field_1-container\" class=\"wpforms-field wpforms-field-name wpforms-one-half wpforms-first\" data-field-id=\"1\"><label class=\"wpforms-field-label\" for=\"wpforms-566-field_1\">Nom <span class=\"wpforms-required-label\" aria-hidden=\"true\">*<\/span><\/label><input type=\"text\" id=\"wpforms-566-field_1\" class=\"wpforms-field-large wpforms-field-required\" name=\"wpforms[fields][1]\" aria-errormessage=\"wpforms-566-field_1-error\" required><\/div>\t\t<div id=\"wpforms-566-field_5-container\"\n\t\t\tclass=\"wpforms-field wpforms-field-text\"\n\t\t\tdata-field-type=\"text\"\n\t\t\tdata-field-id=\"5\"\n\t\t\t>\n\t\t\t<label class=\"wpforms-field-label\" for=\"wpforms-566-field_5\" >E-mail Nom T\u00e9l\u00e9phone<\/label>\n\t\t\t<input type=\"text\" id=\"wpforms-566-field_5\" class=\"wpforms-field-medium\" name=\"wpforms[fields][5]\" >\n\t\t<\/div>\n\t\t<div id=\"wpforms-566-field_4-container\" class=\"wpforms-field wpforms-field-name wpforms-one-half\" data-field-id=\"4\"><label class=\"wpforms-field-label\" for=\"wpforms-566-field_4\">Entreprise<\/label><input type=\"text\" id=\"wpforms-566-field_4\" class=\"wpforms-field-large\" name=\"wpforms[fields][4]\" aria-errormessage=\"wpforms-566-field_4-error\" ><\/div><div id=\"wpforms-566-field_2-container\" class=\"wpforms-field wpforms-field-email wpforms-one-half wpforms-first\" data-field-id=\"2\"><label class=\"wpforms-field-label\" for=\"wpforms-566-field_2\">E-mail <span class=\"wpforms-required-label\" aria-hidden=\"true\">*<\/span><\/label><input type=\"email\" id=\"wpforms-566-field_2\" class=\"wpforms-field-large wpforms-field-required\" name=\"wpforms[fields][2]\" spellcheck=\"false\" aria-errormessage=\"wpforms-566-field_2-error\" required><\/div><div id=\"wpforms-566-field_8-container\" class=\"wpforms-field wpforms-field-text wpforms-one-half\" data-field-id=\"8\"><label class=\"wpforms-field-label\" for=\"wpforms-566-field_8\">T\u00e9l\u00e9phone<\/label><input type=\"text\" id=\"wpforms-566-field_8\" class=\"wpforms-field-large wpforms-masked-input wpforms-limit-characters-enabled\" data-rule-inputmask-incomplete=\"1\" data-inputmask-mask=\"999 999 999\" data-form-id=\"566\" data-field-id=\"8\" data-text-limit=\"11\" name=\"wpforms[fields][8]\" aria-errormessage=\"wpforms-566-field_8-error\" maxlength=\"11\" ><\/div><div id=\"wpforms-566-field_6-container\" class=\"wpforms-field wpforms-field-select wpforms-field-select-style-classic\" data-field-id=\"6\"><label class=\"wpforms-field-label\" for=\"wpforms-566-field_6\">Sujet <span class=\"wpforms-required-label\" aria-hidden=\"true\">*<\/span><\/label><select id=\"wpforms-566-field_6\" class=\"wpforms-field-large wpforms-field-required\" name=\"wpforms[fields][6]\" required=\"required\"><option value=\"Demander un devis\"  class=\"choice-1 depth-1\"  >Demander un devis<\/option><option value=\"Autres questions\"  class=\"choice-2 depth-1\"  >Autres questions<\/option><\/select><\/div><div id=\"wpforms-566-field_3-container\" class=\"wpforms-field wpforms-field-textarea\" data-field-id=\"3\"><label class=\"wpforms-field-label\" for=\"wpforms-566-field_3\">Message<\/label><textarea id=\"wpforms-566-field_3\" class=\"wpforms-field-medium\" name=\"wpforms[fields][3]\" aria-errormessage=\"wpforms-566-field_3-error\" ><\/textarea><\/div><div id=\"wpforms-566-field_7-container\" class=\"wpforms-field wpforms-field-gdpr-checkbox\" data-field-id=\"7\"><label class=\"wpforms-field-label\">Politique de confidentialit\u00e9 <span class=\"wpforms-required-label\" aria-hidden=\"true\">*<\/span><\/label><ul id=\"wpforms-566-field_7\" class=\"wpforms-field-required\"><li class=\"choice-1\"><input type=\"checkbox\" id=\"wpforms-566-field_7_1\" name=\"wpforms[fields][7][]\" value=\"Je d\u00e9clare avoir lu et accept\u00e9 la &lt;a href=&quot;https:\/\/rotovedras.pt\/fr\/politique-de-confidentialite\/&quot; alt=&quot;Politique de confidentialit\u00e9&quot;&gt;politique de confidentialit\u00e9&lt;\/a&gt; de Rotovedras - Plastic Technology.\" aria-errormessage=\"wpforms-566-field_7_1-error\" required ><label class=\"wpforms-field-label-inline\" for=\"wpforms-566-field_7_1\">Je d\u00e9clare avoir lu et accept\u00e9 la <a href=\"https:\/\/rotovedras.pt\/fr\/politique-de-confidentialite\/\" target=\"_blank\" rel=\"noopener\">politique de confidentialit\u00e9<\/a> de Rotovedras - Plastic Technology.<\/label><\/li><\/ul><\/div><script>\n\t\t\t\t( function() {\n\t\t\t\t\tconst style = document.createElement( 'style' );\n\t\t\t\t\tstyle.appendChild( document.createTextNode( '#wpforms-566-field_5-container { position: absolute !important; overflow: hidden !important; display: inline !important; height: 1px !important; width: 1px !important; z-index: -1000 !important; padding: 0 !important; } #wpforms-566-field_5-container input { visibility: hidden; } #wpforms-conversational-form-page #wpforms-566-field_5-container label { counter-increment: none; }' ) );\n\t\t\t\t\tdocument.head.appendChild( style );\n\t\t\t\t\tdocument.currentScript?.remove();\n\t\t\t\t} )();\n\t\t\t<\/script><\/div><!-- .wpforms-field-container --><div class=\"wpforms-recaptcha-container wpforms-is-recaptcha wpforms-is-recaptcha-type-v3\" ><input type=\"hidden\" name=\"wpforms[recaptcha]\" value=\"\"><\/div><div class=\"wpforms-submit-container\" ><input type=\"hidden\" name=\"wpforms[id]\" value=\"566\"><input type=\"hidden\" name=\"page_title\" value=\"\"><input type=\"hidden\" name=\"page_url\" value=\"https:\/\/rotovedras.com\/fr\/wp-json\/wp\/v2\/pages\/4617\"><input type=\"hidden\" name=\"url_referer\" value=\"\"><button type=\"submit\" name=\"wpforms[submit]\" id=\"wpforms-submit-566\" class=\"wpforms-submit form-btn-layout\" data-alt-text=\"Envoi...\" data-submit-text=\"Pour envoyer\" aria-live=\"assertive\" value=\"wpforms-submit\">Pour envoyer<\/button><img decoding=\"async\" src=\"https:\/\/rotovedras.com\/wp-content\/plugins\/wpforms-lite\/assets\/images\/submit-spin.svg\" class=\"wpforms-submit-spinner\" style=\"display: none;\" width=\"26\" height=\"26\" alt=\"Chargement en cours\"><\/div><\/form><\/div>  <!-- .wpforms-container -->\t\t\t\t<\/div>\n\t\t\t\t<\/div>\n\t\t\t\t\t<\/div>\n\t\t\t\t<\/div>\n\t\t\t\t<\/div>\n\t\t","protected":false},"excerpt":{"rendered":"<p>SERVICES POUR LES PROJETS DE ROTOMOULAGE D\u00e9couvrez nos services pour les projets de rotomoulage Conception industrielle, ing\u00e9nierie m\u00e9canique et inverse, prototypage, production de moules et fabrication. Nous proposons un ensemble complet de services couvrant toutes les \u00e9tapes du d\u00e9veloppement d&rsquo;un produit, de la conception initiale \u00e0 la production finale. Nous combinons la cr\u00e9ativit\u00e9, l&rsquo;innovation et [&hellip;]<\/p>\n","protected":false},"author":1,"featured_media":0,"parent":0,"menu_order":0,"comment_status":"closed","ping_status":"closed","template":"","meta":{"content-type":"","footnotes":""},"class_list":["post-4617","page","type-page","status-publish","hentry"],"_links":{"self":[{"href":"https:\/\/rotovedras.com\/fr\/wp-json\/wp\/v2\/pages\/4617","targetHints":{"allow":["GET"]}}],"collection":[{"href":"https:\/\/rotovedras.com\/fr\/wp-json\/wp\/v2\/pages"}],"about":[{"href":"https:\/\/rotovedras.com\/fr\/wp-json\/wp\/v2\/types\/page"}],"author":[{"embeddable":true,"href":"https:\/\/rotovedras.com\/fr\/wp-json\/wp\/v2\/users\/1"}],"replies":[{"embeddable":true,"href":"https:\/\/rotovedras.com\/fr\/wp-json\/wp\/v2\/comments?post=4617"}],"version-history":[{"count":5,"href":"https:\/\/rotovedras.com\/fr\/wp-json\/wp\/v2\/pages\/4617\/revisions"}],"predecessor-version":[{"id":4737,"href":"https:\/\/rotovedras.com\/fr\/wp-json\/wp\/v2\/pages\/4617\/revisions\/4737"}],"wp:attachment":[{"href":"https:\/\/rotovedras.com\/fr\/wp-json\/wp\/v2\/media?parent=4617"}],"curies":[{"name":"wp","href":"https:\/\/api.w.org\/{rel}","templated":true}]}}