{"id":1764,"date":"2024-12-13T14:32:42","date_gmt":"2024-12-13T14:32:42","guid":{"rendered":"https:\/\/rotovedras.com\/politique-de-qualite\/"},"modified":"2025-03-26T17:42:31","modified_gmt":"2025-03-26T17:42:31","slug":"politique-de-qualite","status":"publish","type":"page","link":"https:\/\/rotovedras.com\/fr\/politique-de-qualite\/","title":{"rendered":"Politique de qualit\u00e9"},"content":{"rendered":"\t\t<div data-elementor-type=\"wp-page\" data-elementor-id=\"1764\" class=\"elementor elementor-1764 elementor-1280\" data-elementor-post-type=\"page\">\n\t\t\t\t<div class=\"elementor-element elementor-element-cb17797 e-con-full e-flex e-con e-parent\" data-id=\"cb17797\" data-element_type=\"container\" data-e-type=\"container\" data-settings=\"{&quot;background_background&quot;:&quot;classic&quot;}\">\n\t\t<div class=\"elementor-element elementor-element-97dc649 e-con-full e-flex e-con e-child\" data-id=\"97dc649\" data-element_type=\"container\" data-e-type=\"container\">\n\t\t\t\t<div class=\"elementor-element elementor-element-ecc1d76 elementor-widget elementor-widget-heading\" data-id=\"ecc1d76\" data-element_type=\"widget\" data-e-type=\"widget\" data-widget_type=\"heading.default\">\n\t\t\t\t\t<h1 class=\"elementor-heading-title elementor-size-default\">POLITIQUE DE QUALIT\u00c9<\/h1>\t\t\t\t<\/div>\n\t\t\t\t<div class=\"elementor-element elementor-element-e76d573 elementor-widget elementor-widget-text-editor\" data-id=\"e76d573\" data-element_type=\"widget\" data-e-type=\"widget\" data-widget_type=\"text-editor.default\">\n\t\t\t\t\t\t\t\t\t<p>Gr\u00e2ce \u00e0 une analyse d\u00e9taill\u00e9e du march\u00e9, nous observons les derni\u00e8res tendances et identifions de nouvelles opportunit\u00e9s pour le d\u00e9veloppement de concepts de produits innovants. Nous travaillons dans diff\u00e9rents domaines d&rsquo;activit\u00e9, toujours dans le but de cr\u00e9er des designs qui allient esth\u00e9tique et fonctionnalit\u00e9, sans n\u00e9gliger les exigences actuelles du march\u00e9 et en regardant vers l&rsquo;avenir. Quel que soit le produit, notre objectif est d&rsquo;offrir des solutions de design qui font la diff\u00e9rence.<\/p>\t\t\t\t\t\t\t\t<\/div>\n\t\t\t\t<div class=\"elementor-element elementor-element-10219e3 elementor-widget elementor-widget-spacer\" data-id=\"10219e3\" data-element_type=\"widget\" data-e-type=\"widget\" data-widget_type=\"spacer.default\">\n\t\t\t\t\t\t\t<div class=\"elementor-spacer\">\n\t\t\t<div class=\"elementor-spacer-inner\"><\/div>\n\t\t<\/div>\n\t\t\t\t\t\t<\/div>\n\t\t\t\t<div class=\"elementor-element elementor-element-ed5b669 elementor-widget elementor-widget-heading\" data-id=\"ed5b669\" data-element_type=\"widget\" data-e-type=\"widget\" data-widget_type=\"heading.default\">\n\t\t\t\t\t<h2 class=\"elementor-heading-title elementor-size-default\">PRINCIPES DE QUALIT\u00c9<\/h2>\t\t\t\t<\/div>\n\t\t\t\t<div class=\"elementor-element elementor-element-1985e9c elementor-widget elementor-widget-text-editor\" data-id=\"1985e9c\" data-element_type=\"widget\" data-e-type=\"widget\" data-widget_type=\"text-editor.default\">\n\t\t\t\t\t\t\t\t\t<p><strong>Orientation client<\/strong><br \/>Les activit\u00e9s men\u00e9es par Rotovedras &#8211; Tecnologia de Pl\u00e1sticos Moldados, Lda visent \u00e0 d\u00e9passer les besoins et les attentes de ses Clients. La cr\u00e9ation d&rsquo;une relation solide et durable avec les clients et la fourniture de produits rotomoul\u00e9s de qualit\u00e9 sont \u00e0 la base des op\u00e9rations de l&rsquo;entreprise.<\/p>\t\t\t\t\t\t\t\t<\/div>\n\t\t\t\t<div class=\"elementor-element elementor-element-74c8bde elementor-widget elementor-widget-text-editor\" data-id=\"74c8bde\" data-element_type=\"widget\" data-e-type=\"widget\" data-widget_type=\"text-editor.default\">\n\t\t\t\t\t\t\t\t\t<p><b>Leadership<br \/><\/b>La direction g\u00e9n\u00e9rale assume son engagement et son leadership en ce qui concerne son Syst\u00e8me de Gestion de la Qualit\u00e9 et garantit les ressources n\u00e9cessaires pour r\u00e9pondre aux exigences respectives.<\/p>\t\t\t\t\t\t\t\t<\/div>\n\t\t\t\t<div class=\"elementor-element elementor-element-34b9693 elementor-widget elementor-widget-text-editor\" data-id=\"34b9693\" data-element_type=\"widget\" data-e-type=\"widget\" data-widget_type=\"text-editor.default\">\n\t\t\t\t\t\t\t\t\t<p><strong>Engagement\u00a0<br \/><\/strong>L&rsquo;\u00e9quipe de Rotovedras, Lda est soutenue et guid\u00e9e par le Conseil d&rsquo;administration afin de garantir l&rsquo;efficacit\u00e9 de son syst\u00e8me de gestion de la qualit\u00e9.<\/p>\t\t\t\t\t\t\t\t<\/div>\n\t\t\t\t<div class=\"elementor-element elementor-element-650c215 elementor-widget elementor-widget-text-editor\" data-id=\"650c215\" data-element_type=\"widget\" data-e-type=\"widget\" data-widget_type=\"text-editor.default\">\n\t\t\t\t\t\t\t\t\t<p><strong>Approche bas\u00e9e sur les processus<br \/><\/strong>Pour le d\u00e9veloppement, la mise en \u0153uvre et l&rsquo;am\u00e9lioration du Syst\u00e8me de Gestion de la Qualit\u00e9, Rotovedras, Lda a adopt\u00e9 l&rsquo;approche bas\u00e9e sur les processus. Cette approche permet de contr\u00f4ler les interrelations et les interd\u00e9pendances entre les processus et d&rsquo;am\u00e9liorer les performances du Syst\u00e8me de Gestion de la Qualit\u00e9.<\/p>\t\t\t\t\t\t\t\t<\/div>\n\t\t\t\t<div class=\"elementor-element elementor-element-d4616cf elementor-widget elementor-widget-text-editor\" data-id=\"d4616cf\" data-element_type=\"widget\" data-e-type=\"widget\" data-widget_type=\"text-editor.default\">\n\t\t\t\t\t\t\t\t\t<p><strong>Am\u00e9lioration<\/strong><br \/>L&rsquo;entreprise identifie et s\u00e9lectionne les possibilit\u00e9s d&rsquo;am\u00e9lioration et met en \u0153uvre les actions appropri\u00e9es pour accro\u00eetre la satisfaction des Clients.<\/p>\t\t\t\t\t\t\t\t<\/div>\n\t\t\t\t<div class=\"elementor-element elementor-element-1b55fe9 elementor-widget elementor-widget-text-editor\" data-id=\"1b55fe9\" data-element_type=\"widget\" data-e-type=\"widget\" data-widget_type=\"text-editor.default\">\n\t\t\t\t\t\t\t\t\t<p><strong>Prise de d\u00e9cision fond\u00e9e sur des donn\u00e9es probantes<\/strong><br \/>Les d\u00e9cisions prises par la direction g\u00e9n\u00e9rale sont fond\u00e9es sur les risques et les opportunit\u00e9s commerciales ainsi que sur l\u2019\u00e9valuation de donn\u00e9es et d\u2019informations concr\u00e8tes. <\/p>\t\t\t\t\t\t\t\t<\/div>\n\t\t\t\t<div class=\"elementor-element elementor-element-0e8280f elementor-widget elementor-widget-text-editor\" data-id=\"0e8280f\" data-element_type=\"widget\" data-e-type=\"widget\" data-widget_type=\"text-editor.default\">\n\t\t\t\t\t\t\t\t\t<p><strong>Gestion des relations<\/strong><br \/>Rotovedras encourage le d\u00e9veloppement de partenariats strat\u00e9giques avec ses fournisseurs afin de cr\u00e9er de la valeur et des avantages mutuels.<\/p>\t\t\t\t\t\t\t\t<\/div>\n\t\t\t\t<div class=\"elementor-element elementor-element-b07e0a4 elementor-widget elementor-widget-text-editor\" data-id=\"b07e0a4\" data-element_type=\"widget\" data-e-type=\"widget\" data-widget_type=\"text-editor.default\">\n\t\t\t\t\t\t\t\t\t<p><span style=\"color: var( --e-global-color-text ); text-align: var(--text-align); font-size: 1rem;\">Le Conseil d&rsquo;administration de Rotovedras s&rsquo;engage, en \u00e9tablissant cette Politique de Qualit\u00e9, \u00e0 respecter les exigences de son Syst\u00e8me de Gestion de la Qualit\u00e9 conform\u00e9ment \u00e0 la norme<\/span><span style=\"color: var( --e-global-color-text ); text-align: var(--text-align); font-size: 1rem;\">&nbsp;&nbsp;<\/span><span style=\"color: #5d6b7d;\"><a style=\"color: #5d6b7d;\" href=\"https:\/\/www.apopartner.pt\/iso-90012015\/\" target=\"_blank\" rel=\"noopener\">ISO 9001:2015<\/a> ,<\/span> ainsi que les exigences l\u00e9gales et r\u00e9glementaires applicables \u00e0 son activit\u00e9.<\/p>\t\t\t\t\t\t\t\t<\/div>\n\t\t\t\t<\/div>\n\t\t\t\t<\/div>\n\t\t<div class=\"elementor-element elementor-element-53448e3c e-flex e-con-boxed e-con e-parent\" data-id=\"53448e3c\" data-element_type=\"container\" data-e-type=\"container\" data-settings=\"{&quot;background_background&quot;:&quot;gradient&quot;}\">\n\t\t\t\t\t<div class=\"e-con-inner\">\n\t\t\t\t<div class=\"elementor-element elementor-element-532cc2c9 elementor-widget elementor-widget-heading\" data-id=\"532cc2c9\" data-element_type=\"widget\" data-e-type=\"widget\" data-widget_type=\"heading.default\">\n\t\t\t\t\t<span class=\"elementor-heading-title elementor-size-default\">Contactez-nous.<\/br> <span class=\"h-strong\">D\u00e9veloppons<br> un nouveau produit.<\/span><\/span>\t\t\t\t<\/div>\n\t\t\t\t<div class=\"elementor-element elementor-element-56ebd414 elementor-widget elementor-widget-wpforms\" data-id=\"56ebd414\" data-element_type=\"widget\" data-e-type=\"widget\" data-widget_type=\"wpforms.default\">\n\t\t\t\t<div class=\"elementor-widget-container\">\n\t\t\t\t\t<div class=\"wpforms-container wpforms-container-full form-layout wpforms-render-modern\" id=\"wpforms-566\"><form id=\"wpforms-form-566\" class=\"wpforms-validate wpforms-form wpforms-ajax-form\" data-formid=\"566\" method=\"post\" enctype=\"multipart\/form-data\" action=\"\/fr\/wp-json\/wp\/v2\/pages\/1764\" data-token=\"435f260f47b47e1b541fec031f72244e\" data-token-time=\"1776972930\"><noscript class=\"wpforms-error-noscript\">Veuillez activer JavaScript dans votre navigateur pour remplir ce formulaire.<\/noscript><div id=\"wpforms-error-noscript\" style=\"display: none;\">Veuillez activer JavaScript dans votre navigateur pour remplir ce formulaire.<\/div><div class=\"wpforms-field-container\"><div id=\"wpforms-566-field_1-container\" class=\"wpforms-field wpforms-field-name wpforms-one-half wpforms-first\" data-field-id=\"1\"><label class=\"wpforms-field-label\" for=\"wpforms-566-field_1\">Nom <span class=\"wpforms-required-label\" aria-hidden=\"true\">*<\/span><\/label><input type=\"text\" id=\"wpforms-566-field_1\" class=\"wpforms-field-large wpforms-field-required\" name=\"wpforms[fields][1]\" aria-errormessage=\"wpforms-566-field_1-error\" required><\/div><div id=\"wpforms-566-field_4-container\" class=\"wpforms-field wpforms-field-name wpforms-one-half\" data-field-id=\"4\"><label class=\"wpforms-field-label\" for=\"wpforms-566-field_4\">Entreprise<\/label><input type=\"text\" id=\"wpforms-566-field_4\" class=\"wpforms-field-large\" name=\"wpforms[fields][4]\" aria-errormessage=\"wpforms-566-field_4-error\" ><\/div><div id=\"wpforms-566-field_2-container\" class=\"wpforms-field wpforms-field-email wpforms-one-half wpforms-first\" data-field-id=\"2\"><label class=\"wpforms-field-label\" for=\"wpforms-566-field_2\">E-mail <span class=\"wpforms-required-label\" aria-hidden=\"true\">*<\/span><\/label><input type=\"email\" id=\"wpforms-566-field_2\" class=\"wpforms-field-large wpforms-field-required\" name=\"wpforms[fields][2]\" spellcheck=\"false\" aria-errormessage=\"wpforms-566-field_2-error\" required><\/div><div id=\"wpforms-566-field_8-container\" class=\"wpforms-field wpforms-field-text wpforms-one-half\" data-field-id=\"8\"><label class=\"wpforms-field-label\" for=\"wpforms-566-field_8\">T\u00e9l\u00e9phone<\/label><input type=\"text\" id=\"wpforms-566-field_8\" class=\"wpforms-field-large wpforms-masked-input wpforms-limit-characters-enabled\" data-rule-inputmask-incomplete=\"1\" data-inputmask-mask=\"999 999 999\" data-form-id=\"566\" data-field-id=\"8\" data-text-limit=\"11\" name=\"wpforms[fields][8]\" aria-errormessage=\"wpforms-566-field_8-error\" maxlength=\"11\" ><\/div><div id=\"wpforms-566-field_6-container\" class=\"wpforms-field wpforms-field-select wpforms-field-select-style-classic\" data-field-id=\"6\"><label class=\"wpforms-field-label\" for=\"wpforms-566-field_6\">Sujet <span class=\"wpforms-required-label\" aria-hidden=\"true\">*<\/span><\/label><select id=\"wpforms-566-field_6\" class=\"wpforms-field-large wpforms-field-required\" name=\"wpforms[fields][6]\" required=\"required\"><option value=\"Demander un devis\"  class=\"choice-1 depth-1\"  >Demander un devis<\/option><option value=\"Autres questions\"  class=\"choice-2 depth-1\"  >Autres questions<\/option><\/select><\/div><div id=\"wpforms-566-field_3-container\" class=\"wpforms-field wpforms-field-textarea\" data-field-id=\"3\"><label class=\"wpforms-field-label\" for=\"wpforms-566-field_3\">Message<\/label><textarea id=\"wpforms-566-field_3\" class=\"wpforms-field-medium\" name=\"wpforms[fields][3]\" aria-errormessage=\"wpforms-566-field_3-error\" ><\/textarea><\/div>\t\t<div id=\"wpforms-566-field_5-container\"\n\t\t\tclass=\"wpforms-field wpforms-field-text\"\n\t\t\tdata-field-type=\"text\"\n\t\t\tdata-field-id=\"5\"\n\t\t\t>\n\t\t\t<label class=\"wpforms-field-label\" for=\"wpforms-566-field_5\" >Message Nom T\u00e9l\u00e9phone<\/label>\n\t\t\t<input type=\"text\" id=\"wpforms-566-field_5\" class=\"wpforms-field-medium\" name=\"wpforms[fields][5]\" >\n\t\t<\/div>\n\t\t<div id=\"wpforms-566-field_7-container\" class=\"wpforms-field wpforms-field-gdpr-checkbox\" data-field-id=\"7\"><label class=\"wpforms-field-label\">Politique de confidentialit\u00e9 <span class=\"wpforms-required-label\" aria-hidden=\"true\">*<\/span><\/label><ul id=\"wpforms-566-field_7\" class=\"wpforms-field-required\"><li class=\"choice-1\"><input type=\"checkbox\" id=\"wpforms-566-field_7_1\" name=\"wpforms[fields][7][]\" value=\"Je d\u00e9clare avoir lu et accept\u00e9 la &lt;a href=&quot;https:\/\/rotovedras.pt\/fr\/politique-de-confidentialite\/&quot; alt=&quot;Politique de confidentialit\u00e9&quot;&gt;politique de confidentialit\u00e9&lt;\/a&gt; de Rotovedras - Plastic Technology.\" aria-errormessage=\"wpforms-566-field_7_1-error\" required ><label class=\"wpforms-field-label-inline\" for=\"wpforms-566-field_7_1\">Je d\u00e9clare avoir lu et accept\u00e9 la <a href=\"https:\/\/rotovedras.pt\/fr\/politique-de-confidentialite\/\" target=\"_blank\" rel=\"noopener\">politique de confidentialit\u00e9<\/a> de Rotovedras - Plastic Technology.<\/label><\/li><\/ul><\/div><script>\n\t\t\t\t( function() {\n\t\t\t\t\tconst style = document.createElement( 'style' );\n\t\t\t\t\tstyle.appendChild( document.createTextNode( '#wpforms-566-field_5-container { position: absolute !important; overflow: hidden !important; display: inline !important; height: 1px !important; width: 1px !important; z-index: -1000 !important; padding: 0 !important; } #wpforms-566-field_5-container input { visibility: hidden; } #wpforms-conversational-form-page #wpforms-566-field_5-container label { counter-increment: none; }' ) );\n\t\t\t\t\tdocument.head.appendChild( style );\n\t\t\t\t\tdocument.currentScript?.remove();\n\t\t\t\t} )();\n\t\t\t<\/script><\/div><!-- .wpforms-field-container --><div class=\"wpforms-recaptcha-container wpforms-is-recaptcha wpforms-is-recaptcha-type-v3\" ><input type=\"hidden\" name=\"wpforms[recaptcha]\" value=\"\"><\/div><div class=\"wpforms-submit-container\" ><input type=\"hidden\" name=\"wpforms[id]\" value=\"566\"><input type=\"hidden\" name=\"page_title\" value=\"\"><input type=\"hidden\" name=\"page_url\" value=\"https:\/\/rotovedras.com\/fr\/wp-json\/wp\/v2\/pages\/1764\"><input type=\"hidden\" name=\"url_referer\" value=\"\"><button type=\"submit\" name=\"wpforms[submit]\" id=\"wpforms-submit-566\" class=\"wpforms-submit form-btn-layout\" data-alt-text=\"Envoi...\" data-submit-text=\"Pour envoyer\" aria-live=\"assertive\" value=\"wpforms-submit\">Pour envoyer<\/button><img decoding=\"async\" src=\"https:\/\/rotovedras.com\/wp-content\/plugins\/wpforms-lite\/assets\/images\/submit-spin.svg\" class=\"wpforms-submit-spinner\" style=\"display: none;\" width=\"26\" height=\"26\" alt=\"Chargement en cours\"><\/div><\/form><\/div>  <!-- .wpforms-container -->\t\t\t\t<\/div>\n\t\t\t\t<\/div>\n\t\t\t\t\t<\/div>\n\t\t\t\t<\/div>\n\t\t\t\t<\/div>\n\t\t","protected":false},"excerpt":{"rendered":"<p>POLITIQUE DE QUALIT\u00c9 Gr\u00e2ce \u00e0 une analyse d\u00e9taill\u00e9e du march\u00e9, nous observons les derni\u00e8res tendances et identifions de nouvelles opportunit\u00e9s pour le d\u00e9veloppement de concepts de produits innovants. Nous travaillons dans diff\u00e9rents domaines d&rsquo;activit\u00e9, toujours dans le but de cr\u00e9er des designs qui allient esth\u00e9tique et fonctionnalit\u00e9, sans n\u00e9gliger les exigences actuelles du march\u00e9 et [&hellip;]<\/p>\n","protected":false},"author":1,"featured_media":0,"parent":0,"menu_order":0,"comment_status":"closed","ping_status":"closed","template":"","meta":{"content-type":"","footnotes":""},"class_list":["post-1764","page","type-page","status-publish","hentry"],"_links":{"self":[{"href":"https:\/\/rotovedras.com\/fr\/wp-json\/wp\/v2\/pages\/1764","targetHints":{"allow":["GET"]}}],"collection":[{"href":"https:\/\/rotovedras.com\/fr\/wp-json\/wp\/v2\/pages"}],"about":[{"href":"https:\/\/rotovedras.com\/fr\/wp-json\/wp\/v2\/types\/page"}],"author":[{"embeddable":true,"href":"https:\/\/rotovedras.com\/fr\/wp-json\/wp\/v2\/users\/1"}],"replies":[{"embeddable":true,"href":"https:\/\/rotovedras.com\/fr\/wp-json\/wp\/v2\/comments?post=1764"}],"version-history":[{"count":5,"href":"https:\/\/rotovedras.com\/fr\/wp-json\/wp\/v2\/pages\/1764\/revisions"}],"predecessor-version":[{"id":4933,"href":"https:\/\/rotovedras.com\/fr\/wp-json\/wp\/v2\/pages\/1764\/revisions\/4933"}],"wp:attachment":[{"href":"https:\/\/rotovedras.com\/fr\/wp-json\/wp\/v2\/media?parent=1764"}],"curies":[{"name":"wp","href":"https:\/\/api.w.org\/{rel}","templated":true}]}}