{"id":4619,"date":"2024-12-04T17:26:14","date_gmt":"2024-12-04T17:26:14","guid":{"rendered":"https:\/\/rotovedras.com\/servicios\/"},"modified":"2025-04-14T15:27:23","modified_gmt":"2025-04-14T14:27:23","slug":"servicios","status":"publish","type":"page","link":"https:\/\/rotovedras.com\/es\/servicios\/","title":{"rendered":"Servicios"},"content":{"rendered":"\t\t<div data-elementor-type=\"wp-page\" data-elementor-id=\"4619\" class=\"elementor elementor-4619 elementor-474\" data-elementor-post-type=\"page\">\n\t\t\t\t<div class=\"elementor-element elementor-element-c43dc8e e-con-full e-flex e-con e-parent\" data-id=\"c43dc8e\" data-element_type=\"container\" data-e-type=\"container\">\n\t\t<div class=\"elementor-element elementor-element-c2152de e-con-full e-flex e-con e-child\" data-id=\"c2152de\" data-element_type=\"container\" data-e-type=\"container\">\n\t\t\t\t<div class=\"elementor-element elementor-element-3962197 elementor-widget__width-initial elementor-widget elementor-widget-heading\" data-id=\"3962197\" data-element_type=\"widget\" data-e-type=\"widget\" data-widget_type=\"heading.default\">\n\t\t\t\t\t<h1 class=\"elementor-heading-title elementor-size-default\">SERVICIOS PARA PROYECTOS DE ROTOMOLDEO<\/h1>\t\t\t\t<\/div>\n\t\t\t\t<\/div>\n\t\t\t\t<\/div>\n\t\t<div class=\"elementor-element elementor-element-0a3fda1 e-con-full e-flex e-con e-parent\" data-id=\"0a3fda1\" data-element_type=\"container\" data-e-type=\"container\">\n\t\t<div class=\"elementor-element elementor-element-b77b424 e-con-full e-flex e-con e-child\" data-id=\"b77b424\" data-element_type=\"container\" data-e-type=\"container\">\n\t\t\t\t<div class=\"elementor-element elementor-element-1582414 elementor-widget elementor-widget-heading\" data-id=\"1582414\" data-element_type=\"widget\" data-e-type=\"widget\" data-widget_type=\"heading.default\">\n\t\t\t\t\t<span class=\"elementor-heading-title elementor-size-default\"><span style=\"font-size: 24px\">Descubra los servicios para proyectos de rotomoldeo<\/span><\/span>\t\t\t\t<\/div>\n\t\t\t\t<div class=\"elementor-element elementor-element-79832ea elementor-widget elementor-widget-text-editor\" data-id=\"79832ea\" data-element_type=\"widget\" data-e-type=\"widget\" data-widget_type=\"text-editor.default\">\n\t\t\t\t\t\t\t\t\t<p><span style=\"white-space-collapse: preserve;\">Dise\u00f1o industrial, ingenier\u00eda mec\u00e1nica e inversa, creaci\u00f3n de prototipos, producci\u00f3n de moldes y <\/span><span style=\"color: var( --e-global-color-text ); font-family: var( --e-global-typography-text-font-family ), Sans-serif; font-weight: var( --e-global-typography-text-font-weight ); font-size: 1rem; white-space-collapse: preserve;\">fabricaci\u00f3n<\/span><span style=\"color: var( --e-global-color-text ); font-family: var( --e-global-typography-text-font-family ), Sans-serif; font-weight: var( --e-global-typography-text-font-weight ); font-size: 1rem; white-space-collapse: preserve;\">. <\/span><\/p><p><span style=\"color: var( --e-global-color-text ); font-family: var( --e-global-typography-text-font-family ), Sans-serif; font-weight: var( --e-global-typography-text-font-weight ); font-size: 1rem; white-space-collapse: preserve;\">Ofrecemos un conjunto completo de servicios que cubren todas las etapas del desarrollo de productos, desde el dise\u00f1o inicial hasta la producci\u00f3n final. Combinamos creatividad, innovaci\u00f3n y tecnolog\u00eda para garantizar soluciones personalizadas y de alta calidad.<\/span><\/p>\t\t\t\t\t\t\t\t<\/div>\n\t\t\t\t<\/div>\n\t\t<div class=\"elementor-element elementor-element-6673c17 e-con-full e-flex e-con e-child\" data-id=\"6673c17\" data-element_type=\"container\" data-e-type=\"container\">\n\t\t\t\t<div class=\"elementor-element elementor-element-cb38983 elementor-widget elementor-widget-heading\" data-id=\"cb38983\" data-element_type=\"widget\" data-e-type=\"widget\" data-widget_type=\"heading.default\">\n\t\t\t\t\t<span class=\"elementor-heading-title elementor-size-default\"><span style=\"font-size: 24px\">Un equipo multidisciplinar a su servicio<\/span><\/span>\t\t\t\t<\/div>\n\t\t\t\t<div class=\"elementor-element elementor-element-4d08a07 elementor-widget elementor-widget-text-editor\" data-id=\"4d08a07\" data-element_type=\"widget\" data-e-type=\"widget\" data-widget_type=\"text-editor.default\">\n\t\t\t\t\t\t\t\t\t<p>Nuestro equipo multidisciplinar est\u00e1 preparado para abordar proyectos desafiantes en una variedad de \u00e1reas, centr\u00e1ndose en la flexibilidad y adapt\u00e1ndose a las necesidades espec\u00edficas de cada cliente.<\/p><p>Sea cual sea el desaf\u00edo, trabajamos codo con codo con nuestros clientes para convertir las ideas en realidad, centr\u00e1ndonos siempre en la eficiencia, la precisi\u00f3n y la excelencia en cada detalle.<\/p><p>\u00a0<\/p>\t\t\t\t\t\t\t\t<\/div>\n\t\t\t\t<\/div>\n\t\t\t\t<\/div>\n\t\t<div class=\"elementor-element elementor-element-069e6dc e-con-full e-flex e-con e-parent\" data-id=\"069e6dc\" data-element_type=\"container\" data-e-type=\"container\" data-settings=\"{&quot;background_background&quot;:&quot;classic&quot;}\">\n\t\t<div class=\"elementor-element elementor-element-ff3826d e-con-full e-flex e-con e-child\" data-id=\"ff3826d\" data-element_type=\"container\" data-e-type=\"container\" data-settings=\"{&quot;background_background&quot;:&quot;classic&quot;,&quot;motion_fx_motion_fx_scrolling&quot;:&quot;yes&quot;,&quot;motion_fx_translateY_effect&quot;:&quot;yes&quot;,&quot;motion_fx_translateY_speed&quot;:{&quot;unit&quot;:&quot;px&quot;,&quot;size&quot;:1,&quot;sizes&quot;:[]},&quot;motion_fx_translateY_affectedRange&quot;:{&quot;unit&quot;:&quot;%&quot;,&quot;size&quot;:&quot;&quot;,&quot;sizes&quot;:{&quot;start&quot;:0,&quot;end&quot;:100}},&quot;motion_fx_devices&quot;:[&quot;desktop&quot;,&quot;tablet&quot;,&quot;mobile&quot;]}\">\n\t\t\t\t<div class=\"elementor-element elementor-element-21e1e3b elementor-widget elementor-widget-heading\" data-id=\"21e1e3b\" data-element_type=\"widget\" data-e-type=\"widget\" data-widget_type=\"heading.default\">\n\t\t\t\t\t<h2 class=\"elementor-heading-title elementor-size-default\">INGENIER\u00cdA<br> INVERSO<\/h2>\t\t\t\t<\/div>\n\t\t\t\t<div class=\"elementor-element elementor-element-5ca5cb0 elementor-widget elementor-widget-text-editor\" data-id=\"5ca5cb0\" data-element_type=\"widget\" data-e-type=\"widget\" data-widget_type=\"text-editor.default\">\n\t\t\t\t\t\t\t\t\t<p>A trav\u00e9s de nuestros servicios de Ingenier\u00eda Inversa, ofrecemos un enfoque avanzado para la recuperaci\u00f3n y reconstrucci\u00f3n de piezas. Mediante la tecnolog\u00eda de escaneado 3D, podemos medir y recrear objetos f\u00edsicos como modelos tridimensionales virtuales para su uso en CAD 3D, CAM o CAE. Esta t\u00e9cnica permite analizar, modificar o producir r\u00e9plicas de piezas antiguas y redise\u00f1ar componentes. Por lo tanto, la Ingenier\u00eda Inversa es un servicio fundamental para la modernizaci\u00f3n de muchas empresas o negocios, y se aplica con precisi\u00f3n a proyectos de cualquier complejidad.<\/p>\t\t\t\t\t\t\t\t<\/div>\n\t\t\t\t<\/div>\n\t\t\t\t<\/div>\n\t\t<div class=\"elementor-element elementor-element-e9fd58c e-con-full e-flex e-con e-parent\" data-id=\"e9fd58c\" data-element_type=\"container\" data-e-type=\"container\" data-settings=\"{&quot;background_background&quot;:&quot;classic&quot;}\">\n\t\t<div class=\"elementor-element elementor-element-3337832 e-con-full e-flex e-con e-child\" data-id=\"3337832\" data-element_type=\"container\" data-e-type=\"container\" data-settings=\"{&quot;background_background&quot;:&quot;classic&quot;,&quot;motion_fx_motion_fx_scrolling&quot;:&quot;yes&quot;,&quot;motion_fx_translateY_effect&quot;:&quot;yes&quot;,&quot;motion_fx_translateY_speed&quot;:{&quot;unit&quot;:&quot;px&quot;,&quot;size&quot;:1,&quot;sizes&quot;:[]},&quot;motion_fx_translateY_affectedRange&quot;:{&quot;unit&quot;:&quot;%&quot;,&quot;size&quot;:&quot;&quot;,&quot;sizes&quot;:{&quot;start&quot;:0,&quot;end&quot;:100}},&quot;motion_fx_devices&quot;:[&quot;desktop&quot;,&quot;tablet&quot;,&quot;mobile&quot;]}\">\n\t\t\t\t<div class=\"elementor-element elementor-element-e7783a7 elementor-widget elementor-widget-heading\" data-id=\"e7783a7\" data-element_type=\"widget\" data-e-type=\"widget\" data-widget_type=\"heading.default\">\n\t\t\t\t\t<h2 class=\"elementor-heading-title elementor-size-default\">DISE\u00d1O<br> INDUSTRIAL<\/h2>\t\t\t\t<\/div>\n\t\t\t\t<div class=\"elementor-element elementor-element-18f5db9 elementor-widget elementor-widget-text-editor\" data-id=\"18f5db9\" data-element_type=\"widget\" data-e-type=\"widget\" data-widget_type=\"text-editor.default\">\n\t\t\t\t\t\t\t\t\t<p>Mediante un an\u00e1lisis detallado <a href=\"https:\/\/mododesign.pt\/\" target=\"_blank\" rel=\"noopener\">del mercado<\/a>,\u00a0observamos las \u00faltimas tendencias e identificamos nuevas oportunidades para desarrollar conceptos innovadores de producto. Trabajamos en diversas \u00e1reas, siempre con el objetivo de crear dise\u00f1os que combinen est\u00e9tica y funcionalidad, sin descuidar las demandas actuales del mercado y mirando hacia el futuro. Sea cual sea el producto, nuestro objetivo es ofrecer soluciones de dise\u00f1o que marquen la diferencia para nuestros clientes y socios.<\/p>\t\t\t\t\t\t\t\t<\/div>\n\t\t\t\t<\/div>\n\t\t\t\t<\/div>\n\t\t<div class=\"elementor-element elementor-element-111ad59 e-con-full e-flex e-con e-parent\" data-id=\"111ad59\" data-element_type=\"container\" data-e-type=\"container\" data-settings=\"{&quot;background_background&quot;:&quot;classic&quot;}\">\n\t\t<div class=\"elementor-element elementor-element-409cae7 e-con-full e-flex e-con e-child\" data-id=\"409cae7\" data-element_type=\"container\" data-e-type=\"container\" data-settings=\"{&quot;background_background&quot;:&quot;classic&quot;,&quot;motion_fx_motion_fx_scrolling&quot;:&quot;yes&quot;,&quot;motion_fx_translateY_effect&quot;:&quot;yes&quot;,&quot;motion_fx_translateY_speed&quot;:{&quot;unit&quot;:&quot;px&quot;,&quot;size&quot;:1,&quot;sizes&quot;:[]},&quot;motion_fx_translateY_affectedRange&quot;:{&quot;unit&quot;:&quot;%&quot;,&quot;size&quot;:&quot;&quot;,&quot;sizes&quot;:{&quot;start&quot;:0,&quot;end&quot;:100}},&quot;motion_fx_devices&quot;:[&quot;desktop&quot;,&quot;tablet&quot;,&quot;mobile&quot;]}\">\n\t\t\t\t<div class=\"elementor-element elementor-element-03c0a4a elementor-widget elementor-widget-heading\" data-id=\"03c0a4a\" data-element_type=\"widget\" data-e-type=\"widget\" data-widget_type=\"heading.default\">\n\t\t\t\t\t<h2 class=\"elementor-heading-title elementor-size-default\">INGENIER\u00cdA<br> MEC\u00c1NICA<\/h2>\t\t\t\t<\/div>\n\t\t\t\t<div class=\"elementor-element elementor-element-2bc890d elementor-widget elementor-widget-text-editor\" data-id=\"2bc890d\" data-element_type=\"widget\" data-e-type=\"widget\" data-widget_type=\"text-editor.default\">\n\t\t\t\t\t\t\t\t\t<p>Una vez validado el dise\u00f1o, nuestro equipo de ingenier\u00eda desarrolla soluciones t\u00e9cnicas y funcionales adaptadas a los procesos de fabricaci\u00f3n que mejor se ajustan a cada proyecto. Combinamos creatividad y rigor t\u00e9cnico para garantizar que el producto final cumpla con las expectativas tanto del cliente como del consumidor final, cumpliendo escrupulosamente con los est\u00e1ndares de calidad y la viabilidad de la producci\u00f3n. En Rotovedras, nos centramos en resultados pr\u00e1cticos y eficientes.<\/p>\t\t\t\t\t\t\t\t<\/div>\n\t\t\t\t<\/div>\n\t\t\t\t<\/div>\n\t\t<div class=\"elementor-element elementor-element-1f0741a e-con-full e-flex e-con e-parent\" data-id=\"1f0741a\" data-element_type=\"container\" data-e-type=\"container\" data-settings=\"{&quot;background_background&quot;:&quot;classic&quot;}\">\n\t\t<div class=\"elementor-element elementor-element-6e0ee9e e-con-full e-flex e-con e-child\" data-id=\"6e0ee9e\" data-element_type=\"container\" data-e-type=\"container\" data-settings=\"{&quot;background_background&quot;:&quot;classic&quot;,&quot;motion_fx_motion_fx_scrolling&quot;:&quot;yes&quot;,&quot;motion_fx_translateY_effect&quot;:&quot;yes&quot;,&quot;motion_fx_translateY_speed&quot;:{&quot;unit&quot;:&quot;px&quot;,&quot;size&quot;:1,&quot;sizes&quot;:[]},&quot;motion_fx_translateY_affectedRange&quot;:{&quot;unit&quot;:&quot;%&quot;,&quot;size&quot;:&quot;&quot;,&quot;sizes&quot;:{&quot;start&quot;:0,&quot;end&quot;:100}},&quot;motion_fx_devices&quot;:[&quot;desktop&quot;,&quot;tablet&quot;,&quot;mobile&quot;]}\">\n\t\t\t\t<div class=\"elementor-element elementor-element-c9305b7 elementor-widget elementor-widget-heading\" data-id=\"c9305b7\" data-element_type=\"widget\" data-e-type=\"widget\" data-widget_type=\"heading.default\">\n\t\t\t\t\t<h2 class=\"elementor-heading-title elementor-size-default\">CREACI\u00d3N DE PROTOTIPOS<\/h2>\t\t\t\t<\/div>\n\t\t\t\t<div class=\"elementor-element elementor-element-eae6429 elementor-widget elementor-widget-text-editor\" data-id=\"eae6429\" data-element_type=\"widget\" data-e-type=\"widget\" data-widget_type=\"text-editor.default\">\n\t\t\t\t\t\t\t\t\t<p>La creaci\u00f3n de prototipos es una etapa crucial en el desarrollo de productos y en Rotovedras prestamos especial atenci\u00f3n a este proceso. Creamos prototipos funcionales y est\u00e9ticos que nos permiten probar y perfeccionar conceptos antes de pasar a la etapa final: la producci\u00f3n. La etapa de creaci\u00f3n de prototipos no solo ayuda al equipo de desarrollo a identificar las mejoras necesarias, sino que tambi\u00e9n minimiza los riesgos y, sobre todo, los costes adicionales innecesarios.<\/p>\t\t\t\t\t\t\t\t<\/div>\n\t\t\t\t<\/div>\n\t\t\t\t<\/div>\n\t\t<div class=\"elementor-element elementor-element-a53cbeb e-con-full e-flex e-con e-parent\" data-id=\"a53cbeb\" data-element_type=\"container\" data-e-type=\"container\" data-settings=\"{&quot;background_background&quot;:&quot;classic&quot;}\">\n\t\t<div class=\"elementor-element elementor-element-2133132 e-con-full e-flex e-con e-child\" data-id=\"2133132\" data-element_type=\"container\" data-e-type=\"container\" data-settings=\"{&quot;background_background&quot;:&quot;classic&quot;,&quot;motion_fx_motion_fx_scrolling&quot;:&quot;yes&quot;,&quot;motion_fx_translateY_effect&quot;:&quot;yes&quot;,&quot;motion_fx_translateY_speed&quot;:{&quot;unit&quot;:&quot;px&quot;,&quot;size&quot;:1,&quot;sizes&quot;:[]},&quot;motion_fx_translateY_affectedRange&quot;:{&quot;unit&quot;:&quot;%&quot;,&quot;size&quot;:&quot;&quot;,&quot;sizes&quot;:{&quot;start&quot;:0,&quot;end&quot;:100}},&quot;motion_fx_devices&quot;:[&quot;desktop&quot;,&quot;tablet&quot;,&quot;mobile&quot;]}\">\n\t\t\t\t<div class=\"elementor-element elementor-element-8cf42a1 elementor-widget elementor-widget-heading\" data-id=\"8cf42a1\" data-element_type=\"widget\" data-e-type=\"widget\" data-widget_type=\"heading.default\">\n\t\t\t\t\t<h2 class=\"elementor-heading-title elementor-size-default\">PRODUCCI\u00d3N<br> DE MOLDES<\/h2>\t\t\t\t<\/div>\n\t\t\t\t<div class=\"elementor-element elementor-element-c5876ed elementor-widget elementor-widget-text-editor\" data-id=\"c5876ed\" data-element_type=\"widget\" data-e-type=\"widget\" data-widget_type=\"text-editor.default\">\n\t\t\t\t\t\t\t\t\t<p>Los moldes son esenciales para garantizar la calidad y la repetibilidad en la producci\u00f3n de piezas. En Rotovedras, dise\u00f1amos y fabricamos moldes personalizados utilizando las t\u00e9cnicas m\u00e1s adecuadas para el proyecto en cuesti\u00f3n, ya sea en mecanizado (CNC), construcci\u00f3n soldada o fundici\u00f3n. Ofrecemos soluciones precisas que garantizan la eficiencia y la durabilidad del proceso de producci\u00f3n.<\/p>\t\t\t\t\t\t\t\t<\/div>\n\t\t\t\t<\/div>\n\t\t\t\t<\/div>\n\t\t<div class=\"elementor-element elementor-element-99ba5fe e-con-full e-flex e-con e-parent\" data-id=\"99ba5fe\" data-element_type=\"container\" data-e-type=\"container\" data-settings=\"{&quot;background_background&quot;:&quot;classic&quot;}\">\n\t\t<div class=\"elementor-element elementor-element-82a1cc3 e-con-full e-flex e-con e-child\" data-id=\"82a1cc3\" data-element_type=\"container\" data-e-type=\"container\" data-settings=\"{&quot;background_background&quot;:&quot;classic&quot;,&quot;motion_fx_motion_fx_scrolling&quot;:&quot;yes&quot;,&quot;motion_fx_translateY_effect&quot;:&quot;yes&quot;,&quot;motion_fx_translateY_speed&quot;:{&quot;unit&quot;:&quot;px&quot;,&quot;size&quot;:1,&quot;sizes&quot;:[]},&quot;motion_fx_translateY_affectedRange&quot;:{&quot;unit&quot;:&quot;%&quot;,&quot;size&quot;:&quot;&quot;,&quot;sizes&quot;:{&quot;start&quot;:0,&quot;end&quot;:100}},&quot;motion_fx_devices&quot;:[&quot;desktop&quot;,&quot;tablet&quot;,&quot;mobile&quot;]}\">\n\t\t\t\t<div class=\"elementor-element elementor-element-01af4e3 elementor-widget elementor-widget-heading\" data-id=\"01af4e3\" data-element_type=\"widget\" data-e-type=\"widget\" data-widget_type=\"heading.default\">\n\t\t\t\t\t<h2 class=\"elementor-heading-title elementor-size-default\">FABRICACI\u00d3N<\/h2>\t\t\t\t<\/div>\n\t\t\t\t<div class=\"elementor-element elementor-element-2038ef4 elementor-widget elementor-widget-text-editor\" data-id=\"2038ef4\" data-element_type=\"widget\" data-e-type=\"widget\" data-widget_type=\"text-editor.default\">\n\t\t\t\t\t\t\t\t\t<p>Con un equipo de profesionales cualificados y equipos de \u00faltima generaci\u00f3n, llevamos a cabo una producci\u00f3n a gran escala utilizando los procesos que mejor se adaptan a las especificaciones de cada proyecto. Adem\u00e1s, ofrecemos servicios complementarios como el acabado fino y el montaje de accesorios, asegurando que cada pieza sale de nuestras instalaciones lista para su uso, dentro de los m\u00e1s estrictos est\u00e1ndares de calidad.<\/p>\t\t\t\t\t\t\t\t<\/div>\n\t\t\t\t<\/div>\n\t\t\t\t<\/div>\n\t\t<div class=\"elementor-element elementor-element-6206b30d e-flex e-con-boxed e-con e-parent\" data-id=\"6206b30d\" data-element_type=\"container\" data-e-type=\"container\" data-settings=\"{&quot;background_background&quot;:&quot;gradient&quot;}\">\n\t\t\t\t\t<div class=\"e-con-inner\">\n\t\t\t\t<div class=\"elementor-element elementor-element-2867929c elementor-widget elementor-widget-heading\" data-id=\"2867929c\" data-element_type=\"widget\" data-e-type=\"widget\" data-widget_type=\"heading.default\">\n\t\t\t\t\t<span class=\"elementor-heading-title elementor-size-default\">Cont\u00e1ctanos.<\/br> <span class=\"h-strong\">Vamos a desarrollar<br> Un nuevo producto.<\/span><\/span>\t\t\t\t<\/div>\n\t\t\t\t<div class=\"elementor-element elementor-element-27872beb elementor-widget elementor-widget-wpforms\" data-id=\"27872beb\" data-element_type=\"widget\" data-e-type=\"widget\" data-widget_type=\"wpforms.default\">\n\t\t\t\t<div class=\"elementor-widget-container\">\n\t\t\t\t\t<div class=\"wpforms-container wpforms-container-full form-layout wpforms-render-modern\" id=\"wpforms-566\"><form id=\"wpforms-form-566\" class=\"wpforms-validate wpforms-form wpforms-ajax-form\" data-formid=\"566\" method=\"post\" enctype=\"multipart\/form-data\" action=\"\/es\/wp-json\/wp\/v2\/pages\/4619\" data-token=\"435f260f47b47e1b541fec031f72244e\" data-token-time=\"1776965941\"><noscript class=\"wpforms-error-noscript\">Por favor, activa JavaScript en tu navegador para completar este formulario.<\/noscript><div id=\"wpforms-error-noscript\" style=\"display: none;\">Por favor, activa JavaScript en tu navegador para completar este formulario.<\/div><div class=\"wpforms-field-container\"><div id=\"wpforms-566-field_1-container\" class=\"wpforms-field wpforms-field-name wpforms-one-half wpforms-first\" data-field-id=\"1\"><label class=\"wpforms-field-label\" for=\"wpforms-566-field_1\">Nombre <span class=\"wpforms-required-label\" aria-hidden=\"true\">*<\/span><\/label><input type=\"text\" id=\"wpforms-566-field_1\" class=\"wpforms-field-large wpforms-field-required\" name=\"wpforms[fields][1]\" aria-errormessage=\"wpforms-566-field_1-error\" required><\/div><div id=\"wpforms-566-field_4-container\" class=\"wpforms-field wpforms-field-name wpforms-one-half\" data-field-id=\"4\"><label class=\"wpforms-field-label\" for=\"wpforms-566-field_4\">Empresa<\/label><input type=\"text\" id=\"wpforms-566-field_4\" class=\"wpforms-field-large\" name=\"wpforms[fields][4]\" aria-errormessage=\"wpforms-566-field_4-error\" ><\/div><div id=\"wpforms-566-field_2-container\" class=\"wpforms-field wpforms-field-email wpforms-one-half wpforms-first\" data-field-id=\"2\"><label class=\"wpforms-field-label\" for=\"wpforms-566-field_2\">Correo electr\u00f3nico <span class=\"wpforms-required-label\" aria-hidden=\"true\">*<\/span><\/label><input type=\"email\" id=\"wpforms-566-field_2\" class=\"wpforms-field-large wpforms-field-required\" name=\"wpforms[fields][2]\" spellcheck=\"false\" aria-errormessage=\"wpforms-566-field_2-error\" required><\/div><div id=\"wpforms-566-field_8-container\" class=\"wpforms-field wpforms-field-text wpforms-one-half\" data-field-id=\"8\"><label class=\"wpforms-field-label\" for=\"wpforms-566-field_8\">Tel\u00e9fono<\/label><input type=\"text\" id=\"wpforms-566-field_8\" class=\"wpforms-field-large wpforms-masked-input wpforms-limit-characters-enabled\" data-rule-inputmask-incomplete=\"1\" data-inputmask-mask=\"999 999 999\" data-form-id=\"566\" data-field-id=\"8\" data-text-limit=\"11\" name=\"wpforms[fields][8]\" aria-errormessage=\"wpforms-566-field_8-error\" maxlength=\"11\" ><\/div><div id=\"wpforms-566-field_6-container\" class=\"wpforms-field wpforms-field-select wpforms-field-select-style-classic\" data-field-id=\"6\"><label class=\"wpforms-field-label\" for=\"wpforms-566-field_6\">Sujeto <span class=\"wpforms-required-label\" aria-hidden=\"true\">*<\/span><\/label><select id=\"wpforms-566-field_6\" class=\"wpforms-field-large wpforms-field-required\" name=\"wpforms[fields][6]\" required=\"required\"><option value=\"Solicitar cotizaci\u00f3n\"  class=\"choice-1 depth-1\"  >Solicitar cotizaci\u00f3n<\/option><option value=\"Otros asuntos\"  class=\"choice-2 depth-1\"  >Otros asuntos<\/option><\/select><\/div><div id=\"wpforms-566-field_3-container\" class=\"wpforms-field wpforms-field-textarea\" data-field-id=\"3\"><label class=\"wpforms-field-label\" for=\"wpforms-566-field_3\">Mensaje<\/label><textarea id=\"wpforms-566-field_3\" class=\"wpforms-field-medium\" name=\"wpforms[fields][3]\" aria-errormessage=\"wpforms-566-field_3-error\" ><\/textarea><\/div>\t\t<div id=\"wpforms-566-field_5-container\"\n\t\t\tclass=\"wpforms-field wpforms-field-text\"\n\t\t\tdata-field-type=\"text\"\n\t\t\tdata-field-id=\"5\"\n\t\t\t>\n\t\t\t<label class=\"wpforms-field-label\" for=\"wpforms-566-field_5\" >pol\u00edtica de Empresa<\/label>\n\t\t\t<input type=\"text\" id=\"wpforms-566-field_5\" class=\"wpforms-field-medium\" name=\"wpforms[fields][5]\" >\n\t\t<\/div>\n\t\t<div id=\"wpforms-566-field_7-container\" class=\"wpforms-field wpforms-field-gdpr-checkbox\" data-field-id=\"7\"><label class=\"wpforms-field-label\">pol\u00edtica de privacidad <span class=\"wpforms-required-label\" aria-hidden=\"true\">*<\/span><\/label><ul id=\"wpforms-566-field_7\" class=\"wpforms-field-required\"><li class=\"choice-1\"><input type=\"checkbox\" id=\"wpforms-566-field_7_1\" name=\"wpforms[fields][7][]\" value=\"Declaro que he le\u00eddo y acepto la &lt;a href=&quot;https:\/\/rotovedras.pt\/politica-de-privacidade\/&quot; alt=&quot;Pol\u00edtica de privacidad&quot;&gt;Pol\u00edtica de Privacidad&lt;\/a&gt; de Rotovedras - Plastic Technology.\" aria-errormessage=\"wpforms-566-field_7_1-error\" required ><label class=\"wpforms-field-label-inline\" for=\"wpforms-566-field_7_1\">Declaro que he le\u00eddo y acepto la <a href=\"https:\/\/rotovedras.pt\/politica-de-privacidade\/\" target=\"_blank\" rel=\"noopener\">Pol\u00edtica de Privacidad<\/a> de Rotovedras - Plastic Technology.<\/label><\/li><\/ul><\/div><script>\n\t\t\t\t( function() {\n\t\t\t\t\tconst style = document.createElement( 'style' );\n\t\t\t\t\tstyle.appendChild( document.createTextNode( '#wpforms-566-field_5-container { position: absolute !important; overflow: hidden !important; display: inline !important; height: 1px !important; width: 1px !important; z-index: -1000 !important; padding: 0 !important; } #wpforms-566-field_5-container input { visibility: hidden; } #wpforms-conversational-form-page #wpforms-566-field_5-container label { counter-increment: none; }' ) );\n\t\t\t\t\tdocument.head.appendChild( style );\n\t\t\t\t\tdocument.currentScript?.remove();\n\t\t\t\t} )();\n\t\t\t<\/script><\/div><!-- .wpforms-field-container --><div class=\"wpforms-recaptcha-container wpforms-is-recaptcha wpforms-is-recaptcha-type-v3\" ><input type=\"hidden\" name=\"wpforms[recaptcha]\" value=\"\"><\/div><div class=\"wpforms-submit-container\" ><input type=\"hidden\" name=\"wpforms[id]\" value=\"566\"><input type=\"hidden\" name=\"page_title\" value=\"\"><input type=\"hidden\" name=\"page_url\" value=\"https:\/\/rotovedras.com\/es\/wp-json\/wp\/v2\/pages\/4619\"><input type=\"hidden\" name=\"url_referer\" value=\"\"><button type=\"submit\" name=\"wpforms[submit]\" id=\"wpforms-submit-566\" class=\"wpforms-submit form-btn-layout\" data-alt-text=\"Env\u00edo...\" data-submit-text=\"Para enviar\" aria-live=\"assertive\" value=\"wpforms-submit\">Para enviar<\/button><img decoding=\"async\" src=\"https:\/\/rotovedras.com\/wp-content\/plugins\/wpforms-lite\/assets\/images\/submit-spin.svg\" class=\"wpforms-submit-spinner\" style=\"display: none;\" width=\"26\" height=\"26\" alt=\"Cargando\"><\/div><\/form><\/div>  <!-- .wpforms-container -->\t\t\t\t<\/div>\n\t\t\t\t<\/div>\n\t\t\t\t\t<\/div>\n\t\t\t\t<\/div>\n\t\t\t\t<\/div>\n\t\t","protected":false},"excerpt":{"rendered":"<p>SERVICIOS PARA PROYECTOS DE ROTOMOLDEO Descubra los servicios para proyectos de rotomoldeo Dise\u00f1o industrial, ingenier\u00eda mec\u00e1nica e inversa, creaci\u00f3n de prototipos, producci\u00f3n de moldes y fabricaci\u00f3n. Ofrecemos un conjunto completo de servicios que cubren todas las etapas del desarrollo de productos, desde el dise\u00f1o inicial hasta la producci\u00f3n final. Combinamos creatividad, innovaci\u00f3n y tecnolog\u00eda para [&hellip;]<\/p>\n","protected":false},"author":1,"featured_media":0,"parent":0,"menu_order":0,"comment_status":"closed","ping_status":"closed","template":"","meta":{"content-type":"","footnotes":""},"class_list":["post-4619","page","type-page","status-publish","hentry"],"_links":{"self":[{"href":"https:\/\/rotovedras.com\/es\/wp-json\/wp\/v2\/pages\/4619","targetHints":{"allow":["GET"]}}],"collection":[{"href":"https:\/\/rotovedras.com\/es\/wp-json\/wp\/v2\/pages"}],"about":[{"href":"https:\/\/rotovedras.com\/es\/wp-json\/wp\/v2\/types\/page"}],"author":[{"embeddable":true,"href":"https:\/\/rotovedras.com\/es\/wp-json\/wp\/v2\/users\/1"}],"replies":[{"embeddable":true,"href":"https:\/\/rotovedras.com\/es\/wp-json\/wp\/v2\/comments?post=4619"}],"version-history":[{"count":5,"href":"https:\/\/rotovedras.com\/es\/wp-json\/wp\/v2\/pages\/4619\/revisions"}],"predecessor-version":[{"id":4889,"href":"https:\/\/rotovedras.com\/es\/wp-json\/wp\/v2\/pages\/4619\/revisions\/4889"}],"wp:attachment":[{"href":"https:\/\/rotovedras.com\/es\/wp-json\/wp\/v2\/media?parent=4619"}],"curies":[{"name":"wp","href":"https:\/\/api.w.org\/{rel}","templated":true}]}}