{"id":1766,"date":"2024-12-13T14:32:42","date_gmt":"2024-12-13T14:32:42","guid":{"rendered":"https:\/\/rotovedras.com\/politica-de-calidad\/"},"modified":"2025-03-26T11:22:35","modified_gmt":"2025-03-26T11:22:35","slug":"politica-de-calidad","status":"publish","type":"page","link":"https:\/\/rotovedras.com\/es\/politica-de-calidad\/","title":{"rendered":"Pol\u00edtica de calidad"},"content":{"rendered":"\t\t<div data-elementor-type=\"wp-page\" data-elementor-id=\"1766\" class=\"elementor elementor-1766 elementor-1280\" data-elementor-post-type=\"page\">\n\t\t\t\t<div class=\"elementor-element elementor-element-cb17797 e-con-full e-flex e-con e-parent\" data-id=\"cb17797\" data-element_type=\"container\" data-e-type=\"container\" data-settings=\"{&quot;background_background&quot;:&quot;classic&quot;}\">\n\t\t<div class=\"elementor-element elementor-element-97dc649 e-con-full e-flex e-con e-child\" data-id=\"97dc649\" data-element_type=\"container\" data-e-type=\"container\">\n\t\t\t\t<div class=\"elementor-element elementor-element-ecc1d76 elementor-widget elementor-widget-heading\" data-id=\"ecc1d76\" data-element_type=\"widget\" data-e-type=\"widget\" data-widget_type=\"heading.default\">\n\t\t\t\t\t<h1 class=\"elementor-heading-title elementor-size-default\">POL\u00cdTICA DE CALIDAD<\/h1>\t\t\t\t<\/div>\n\t\t\t\t<div class=\"elementor-element elementor-element-e76d573 elementor-widget elementor-widget-text-editor\" data-id=\"e76d573\" data-element_type=\"widget\" data-e-type=\"widget\" data-widget_type=\"text-editor.default\">\n\t\t\t\t\t\t\t\t\t<p>Atrav\u00e9s de un an\u00e1lisis detallado del mercado, observamos las \u00faltimas tendencias e identificamos nuevas oportunidades para el desarrollo de conceptos de productos innovadores. Trabajamos en diferentes \u00e1reas de actividad, siempre con el objetivo de crear dise\u00f1os que combinen est\u00e9tica y funcionalidad, sin descuidar las demandas actuales del mercado y mirando hacia el futuro. Sea cual sea el producto, nuestro objetivo es ofrecer soluciones de dise\u00f1o que marquen la diferencia.<\/p>\t\t\t\t\t\t\t\t<\/div>\n\t\t\t\t<div class=\"elementor-element elementor-element-10219e3 elementor-widget elementor-widget-spacer\" data-id=\"10219e3\" data-element_type=\"widget\" data-e-type=\"widget\" data-widget_type=\"spacer.default\">\n\t\t\t\t\t\t\t<div class=\"elementor-spacer\">\n\t\t\t<div class=\"elementor-spacer-inner\"><\/div>\n\t\t<\/div>\n\t\t\t\t\t\t<\/div>\n\t\t\t\t<div class=\"elementor-element elementor-element-ed5b669 elementor-widget elementor-widget-heading\" data-id=\"ed5b669\" data-element_type=\"widget\" data-e-type=\"widget\" data-widget_type=\"heading.default\">\n\t\t\t\t\t<h2 class=\"elementor-heading-title elementor-size-default\">PRINCIPIOS DE CALIDAD<\/h2>\t\t\t\t<\/div>\n\t\t\t\t<div class=\"elementor-element elementor-element-1985e9c elementor-widget elementor-widget-text-editor\" data-id=\"1985e9c\" data-element_type=\"widget\" data-e-type=\"widget\" data-widget_type=\"text-editor.default\">\n\t\t\t\t\t\t\t\t\t<p><strong>Enfoque en el cliente<\/strong><br \/>Las actividades llevadas a cabo por Rotovedras &#8211; Tecnologia de Pl\u00e1sticos Moldados, Lda tienen como objetivo superar las necesidades y expectativas de sus clientes. La creaci\u00f3n de una relaci\u00f3n s\u00f3lida y duradera con los clientes y el suministro de productos rotomoldeados de calidad son la base de las operaciones de la empresa.<\/p>\t\t\t\t\t\t\t\t<\/div>\n\t\t\t\t<div class=\"elementor-element elementor-element-74c8bde elementor-widget elementor-widget-text-editor\" data-id=\"74c8bde\" data-element_type=\"widget\" data-e-type=\"widget\" data-widget_type=\"text-editor.default\">\n\t\t\t\t\t\t\t\t\t<p><strong>Liderazgo<br \/><\/strong>La alta direcci\u00f3n asume su compromiso y liderazgo en relaci\u00f3n con su Sistema de Gesti\u00f3n de la Calidad y garantiza los recursos necesarios para cumplir con los respectivos requisitos.<\/p>\t\t\t\t\t\t\t\t<\/div>\n\t\t\t\t<div class=\"elementor-element elementor-element-34b9693 elementor-widget elementor-widget-text-editor\" data-id=\"34b9693\" data-element_type=\"widget\" data-e-type=\"widget\" data-widget_type=\"text-editor.default\">\n\t\t\t\t\t\t\t\t\t<p><strong>Compromiso\u00a0<br \/><\/strong>El equipo de Rotovedras, Lda. cuenta con el apoyo y la orientaci\u00f3n del Consejo de Administraci\u00f3n para garantizar la eficacia de su sistema de gesti\u00f3n de la calidad.<\/p>\t\t\t\t\t\t\t\t<\/div>\n\t\t\t\t<div class=\"elementor-element elementor-element-650c215 elementor-widget elementor-widget-text-editor\" data-id=\"650c215\" data-element_type=\"widget\" data-e-type=\"widget\" data-widget_type=\"text-editor.default\">\n\t\t\t\t\t\t\t\t\t<p><strong>Enfoque basado en procesos<br \/><\/strong>Para el desarrollo, la implementaci\u00f3n y la mejora del Sistema de Gesti\u00f3n de la Calidad, Rotovedras, Lda. adopt\u00f3 el enfoque basado en procesos. Este enfoque permite controlar las interrelaciones e interdependencias entre los procesos y mejorar el rendimiento del Sistema de Gesti\u00f3n de la Calidad.<\/p>\t\t\t\t\t\t\t\t<\/div>\n\t\t\t\t<div class=\"elementor-element elementor-element-d4616cf elementor-widget elementor-widget-text-editor\" data-id=\"d4616cf\" data-element_type=\"widget\" data-e-type=\"widget\" data-widget_type=\"text-editor.default\">\n\t\t\t\t\t\t\t\t\t<p><strong>Mejora<\/strong><br \/>La empresa identifica y selecciona oportunidades de mejora e implementa las acciones adecuadas para aumentar la satisfacci\u00f3n del Cliente.<\/p>\t\t\t\t\t\t\t\t<\/div>\n\t\t\t\t<div class=\"elementor-element elementor-element-1b55fe9 elementor-widget elementor-widget-text-editor\" data-id=\"1b55fe9\" data-element_type=\"widget\" data-e-type=\"widget\" data-widget_type=\"text-editor.default\">\n\t\t\t\t\t\t\t\t\t<p><strong>Toma de decisiones basada en pruebas<\/strong><br \/>Las decisiones tomadas por la alta direcci\u00f3n se basan en los riesgos y oportunidades del negocio y en la evaluaci\u00f3n de datos e informaci\u00f3n concretos.<\/p>\t\t\t\t\t\t\t\t<\/div>\n\t\t\t\t<div class=\"elementor-element elementor-element-0e8280f elementor-widget elementor-widget-text-editor\" data-id=\"0e8280f\" data-element_type=\"widget\" data-e-type=\"widget\" data-widget_type=\"text-editor.default\">\n\t\t\t\t\t\t\t\t\t<p><strong>Gesti\u00f3n de relaciones<\/strong><br \/>Rotovedras promueve el desarrollo de asociaciones estrat\u00e9gicas con sus proveedores para crear valor y beneficios mutuos.<\/p>\t\t\t\t\t\t\t\t<\/div>\n\t\t\t\t<div class=\"elementor-element elementor-element-b07e0a4 elementor-widget elementor-widget-text-editor\" data-id=\"b07e0a4\" data-element_type=\"widget\" data-e-type=\"widget\" data-widget_type=\"text-editor.default\">\n\t\t\t\t\t\t\t\t\t<p><span style=\"color: var( --e-global-color-text ); text-align: var(--text-align); font-size: 1rem;\">El Consejo de Administraci\u00f3n de Rotovedras se compromete, al establecer esta Pol\u00edtica de Calidad, a cumplir con los requisitos de su Sistema de Gesti\u00f3n de Calidad de acuerdo con la norma<\/span><span style=\"color: #5d6b7d;\">&nbsp;<a style=\"color: #5d6b7d;\" href=\"https:\/\/www.apopartner.pt\/iso-90012015\/\" target=\"_blank\" rel=\"noopener\">ISO 9001:2015<\/a> ,<\/span>&nbsp;<span style=\"color: var( --e-global-color-text ); text-align: var(--text-align); font-size: 1rem;\">como con los requisitos legales y reglamentarios aplicables a su actividad.<\/span><\/p>\t\t\t\t\t\t\t\t<\/div>\n\t\t\t\t<\/div>\n\t\t\t\t<\/div>\n\t\t<div class=\"elementor-element elementor-element-53448e3c e-flex e-con-boxed e-con e-parent\" data-id=\"53448e3c\" data-element_type=\"container\" data-e-type=\"container\" data-settings=\"{&quot;background_background&quot;:&quot;gradient&quot;}\">\n\t\t\t\t\t<div class=\"e-con-inner\">\n\t\t\t\t<div class=\"elementor-element elementor-element-532cc2c9 elementor-widget elementor-widget-heading\" data-id=\"532cc2c9\" data-element_type=\"widget\" data-e-type=\"widget\" data-widget_type=\"heading.default\">\n\t\t\t\t\t<span class=\"elementor-heading-title elementor-size-default\">Cont\u00e1ctanos.<\/br> <span class=\"h-strong\">Vamos a desarrollar<br> Un nuevo producto.<\/span><\/span>\t\t\t\t<\/div>\n\t\t\t\t<div class=\"elementor-element elementor-element-56ebd414 elementor-widget elementor-widget-wpforms\" data-id=\"56ebd414\" data-element_type=\"widget\" data-e-type=\"widget\" data-widget_type=\"wpforms.default\">\n\t\t\t\t<div class=\"elementor-widget-container\">\n\t\t\t\t\t<div class=\"wpforms-container wpforms-container-full form-layout wpforms-render-modern\" id=\"wpforms-566\"><form id=\"wpforms-form-566\" class=\"wpforms-validate wpforms-form wpforms-ajax-form\" data-formid=\"566\" method=\"post\" enctype=\"multipart\/form-data\" action=\"\/es\/wp-json\/wp\/v2\/pages\/1766\" data-token=\"435f260f47b47e1b541fec031f72244e\" data-token-time=\"1776972993\"><noscript class=\"wpforms-error-noscript\">Por favor, activa JavaScript en tu navegador para completar este formulario.<\/noscript><div id=\"wpforms-error-noscript\" style=\"display: none;\">Por favor, activa JavaScript en tu navegador para completar este formulario.<\/div><div class=\"wpforms-field-container\"><div id=\"wpforms-566-field_1-container\" class=\"wpforms-field wpforms-field-name wpforms-one-half wpforms-first\" data-field-id=\"1\"><label class=\"wpforms-field-label\" for=\"wpforms-566-field_1\">Nombre <span class=\"wpforms-required-label\" aria-hidden=\"true\">*<\/span><\/label><input type=\"text\" id=\"wpforms-566-field_1\" class=\"wpforms-field-large wpforms-field-required\" name=\"wpforms[fields][1]\" aria-errormessage=\"wpforms-566-field_1-error\" required><\/div><div id=\"wpforms-566-field_4-container\" class=\"wpforms-field wpforms-field-name wpforms-one-half\" data-field-id=\"4\"><label class=\"wpforms-field-label\" for=\"wpforms-566-field_4\">Empresa<\/label><input type=\"text\" id=\"wpforms-566-field_4\" class=\"wpforms-field-large\" name=\"wpforms[fields][4]\" aria-errormessage=\"wpforms-566-field_4-error\" ><\/div><div id=\"wpforms-566-field_2-container\" class=\"wpforms-field wpforms-field-email wpforms-one-half wpforms-first\" data-field-id=\"2\"><label class=\"wpforms-field-label\" for=\"wpforms-566-field_2\">Correo electr\u00f3nico <span class=\"wpforms-required-label\" aria-hidden=\"true\">*<\/span><\/label><input type=\"email\" id=\"wpforms-566-field_2\" class=\"wpforms-field-large wpforms-field-required\" name=\"wpforms[fields][2]\" spellcheck=\"false\" aria-errormessage=\"wpforms-566-field_2-error\" required><\/div>\t\t<div id=\"wpforms-566-field_5-container\"\n\t\t\tclass=\"wpforms-field wpforms-field-text\"\n\t\t\tdata-field-type=\"text\"\n\t\t\tdata-field-id=\"5\"\n\t\t\t>\n\t\t\t<label class=\"wpforms-field-label\" for=\"wpforms-566-field_5\" >privacidad Empresa Sujeto<\/label>\n\t\t\t<input type=\"text\" id=\"wpforms-566-field_5\" class=\"wpforms-field-medium\" name=\"wpforms[fields][5]\" >\n\t\t<\/div>\n\t\t<div id=\"wpforms-566-field_8-container\" class=\"wpforms-field wpforms-field-text wpforms-one-half\" data-field-id=\"8\"><label class=\"wpforms-field-label\" for=\"wpforms-566-field_8\">Tel\u00e9fono<\/label><input type=\"text\" id=\"wpforms-566-field_8\" class=\"wpforms-field-large wpforms-masked-input wpforms-limit-characters-enabled\" data-rule-inputmask-incomplete=\"1\" data-inputmask-mask=\"999 999 999\" data-form-id=\"566\" data-field-id=\"8\" data-text-limit=\"11\" name=\"wpforms[fields][8]\" aria-errormessage=\"wpforms-566-field_8-error\" maxlength=\"11\" ><\/div><div id=\"wpforms-566-field_6-container\" class=\"wpforms-field wpforms-field-select wpforms-field-select-style-classic\" data-field-id=\"6\"><label class=\"wpforms-field-label\" for=\"wpforms-566-field_6\">Sujeto <span class=\"wpforms-required-label\" aria-hidden=\"true\">*<\/span><\/label><select id=\"wpforms-566-field_6\" class=\"wpforms-field-large wpforms-field-required\" name=\"wpforms[fields][6]\" required=\"required\"><option value=\"Solicitar cotizaci\u00f3n\"  class=\"choice-1 depth-1\"  >Solicitar cotizaci\u00f3n<\/option><option value=\"Otros asuntos\"  class=\"choice-2 depth-1\"  >Otros asuntos<\/option><\/select><\/div><div id=\"wpforms-566-field_3-container\" class=\"wpforms-field wpforms-field-textarea\" data-field-id=\"3\"><label class=\"wpforms-field-label\" for=\"wpforms-566-field_3\">Mensaje<\/label><textarea id=\"wpforms-566-field_3\" class=\"wpforms-field-medium\" name=\"wpforms[fields][3]\" aria-errormessage=\"wpforms-566-field_3-error\" ><\/textarea><\/div><div id=\"wpforms-566-field_7-container\" class=\"wpforms-field wpforms-field-gdpr-checkbox\" data-field-id=\"7\"><label class=\"wpforms-field-label\">pol\u00edtica de privacidad <span class=\"wpforms-required-label\" aria-hidden=\"true\">*<\/span><\/label><ul id=\"wpforms-566-field_7\" class=\"wpforms-field-required\"><li class=\"choice-1\"><input type=\"checkbox\" id=\"wpforms-566-field_7_1\" name=\"wpforms[fields][7][]\" value=\"Declaro que he le\u00eddo y acepto la &lt;a href=&quot;https:\/\/rotovedras.pt\/politica-de-privacidade\/&quot; alt=&quot;Pol\u00edtica de privacidad&quot;&gt;Pol\u00edtica de Privacidad&lt;\/a&gt; de Rotovedras - Plastic Technology.\" aria-errormessage=\"wpforms-566-field_7_1-error\" required ><label class=\"wpforms-field-label-inline\" for=\"wpforms-566-field_7_1\">Declaro que he le\u00eddo y acepto la <a href=\"https:\/\/rotovedras.pt\/politica-de-privacidade\/\" target=\"_blank\" rel=\"noopener\">Pol\u00edtica de Privacidad<\/a> de Rotovedras - Plastic Technology.<\/label><\/li><\/ul><\/div><script>\n\t\t\t\t( function() {\n\t\t\t\t\tconst style = document.createElement( 'style' );\n\t\t\t\t\tstyle.appendChild( document.createTextNode( '#wpforms-566-field_5-container { position: absolute !important; overflow: hidden !important; display: inline !important; height: 1px !important; width: 1px !important; z-index: -1000 !important; padding: 0 !important; } #wpforms-566-field_5-container input { visibility: hidden; } #wpforms-conversational-form-page #wpforms-566-field_5-container label { counter-increment: none; }' ) );\n\t\t\t\t\tdocument.head.appendChild( style );\n\t\t\t\t\tdocument.currentScript?.remove();\n\t\t\t\t} )();\n\t\t\t<\/script><\/div><!-- .wpforms-field-container --><div class=\"wpforms-recaptcha-container wpforms-is-recaptcha wpforms-is-recaptcha-type-v3\" ><input type=\"hidden\" name=\"wpforms[recaptcha]\" value=\"\"><\/div><div class=\"wpforms-submit-container\" ><input type=\"hidden\" name=\"wpforms[id]\" value=\"566\"><input type=\"hidden\" name=\"page_title\" value=\"\"><input type=\"hidden\" name=\"page_url\" value=\"https:\/\/rotovedras.com\/es\/wp-json\/wp\/v2\/pages\/1766\"><input type=\"hidden\" name=\"url_referer\" value=\"\"><button type=\"submit\" name=\"wpforms[submit]\" id=\"wpforms-submit-566\" class=\"wpforms-submit form-btn-layout\" data-alt-text=\"Env\u00edo...\" data-submit-text=\"Para enviar\" aria-live=\"assertive\" value=\"wpforms-submit\">Para enviar<\/button><img decoding=\"async\" src=\"https:\/\/rotovedras.com\/wp-content\/plugins\/wpforms-lite\/assets\/images\/submit-spin.svg\" class=\"wpforms-submit-spinner\" style=\"display: none;\" width=\"26\" height=\"26\" alt=\"Cargando\"><\/div><\/form><\/div>  <!-- .wpforms-container -->\t\t\t\t<\/div>\n\t\t\t\t<\/div>\n\t\t\t\t\t<\/div>\n\t\t\t\t<\/div>\n\t\t\t\t<\/div>\n\t\t","protected":false},"excerpt":{"rendered":"<p>POL\u00cdTICA DE CALIDAD Atrav\u00e9s de un an\u00e1lisis detallado del mercado, observamos las \u00faltimas tendencias e identificamos nuevas oportunidades para el desarrollo de conceptos de productos innovadores. Trabajamos en diferentes \u00e1reas de actividad, siempre con el objetivo de crear dise\u00f1os que combinen est\u00e9tica y funcionalidad, sin descuidar las demandas actuales del mercado y mirando hacia el [&hellip;]<\/p>\n","protected":false},"author":1,"featured_media":0,"parent":0,"menu_order":0,"comment_status":"closed","ping_status":"closed","template":"","meta":{"content-type":"","footnotes":""},"class_list":["post-1766","page","type-page","status-publish","hentry"],"_links":{"self":[{"href":"https:\/\/rotovedras.com\/es\/wp-json\/wp\/v2\/pages\/1766","targetHints":{"allow":["GET"]}}],"collection":[{"href":"https:\/\/rotovedras.com\/es\/wp-json\/wp\/v2\/pages"}],"about":[{"href":"https:\/\/rotovedras.com\/es\/wp-json\/wp\/v2\/types\/page"}],"author":[{"embeddable":true,"href":"https:\/\/rotovedras.com\/es\/wp-json\/wp\/v2\/users\/1"}],"replies":[{"embeddable":true,"href":"https:\/\/rotovedras.com\/es\/wp-json\/wp\/v2\/comments?post=1766"}],"version-history":[{"count":5,"href":"https:\/\/rotovedras.com\/es\/wp-json\/wp\/v2\/pages\/1766\/revisions"}],"predecessor-version":[{"id":4917,"href":"https:\/\/rotovedras.com\/es\/wp-json\/wp\/v2\/pages\/1766\/revisions\/4917"}],"wp:attachment":[{"href":"https:\/\/rotovedras.com\/es\/wp-json\/wp\/v2\/media?parent=1766"}],"curies":[{"name":"wp","href":"https:\/\/api.w.org\/{rel}","templated":true}]}}